{"id":1025,"date":"2022-10-08T22:49:20","date_gmt":"2022-10-08T22:49:20","guid":{"rendered":"https:\/\/www.amortiguadoresdeauto.com\/?page_id=1025"},"modified":"2022-10-08T22:49:22","modified_gmt":"2022-10-08T22:49:22","slug":"amortiguadores-shibumi","status":"publish","type":"page","link":"https:\/\/www.amortiguadoresdeauto.com\/index.php\/amortiguadores-shibumi\/","title":{"rendered":"Amortiguadores Shibumi"},"content":{"rendered":"\n<p>Los amortiguadores Shibumi son muy reconocidos y utilizados en muchos pa\u00edses de como Colombia, Venezuela, Costa Rica, Panam\u00e1, Ecuador, Argentina, el Caribe y m\u00e1s. Est\u00e1n dise\u00f1ados para poder trabajar en los caminos y topograf\u00eda de la mayor\u00eda de los pa\u00edses en Latinoam\u00e9rica, esto los hace confiables para los consumidores en esta zona.<\/p>\n\n\n\n<p>Shibumi ofrece amortiguadores para camionetas, autos familiares, sedanes, autos peque\u00f1os, en fin, cuentan con variedad de modelos para cubrir las diferentes necesidades de los conductores.<\/p>\n\n\n\n<p>La marca se destaca en el mercado de reposici\u00f3n de autopartes y en el campo de amortiguadores para moto. A continuaci\u00f3n podr\u00e1s conocer todo acerca de los amortiguadores Shibumi para carros, tanto de sus caracter\u00edsticas, precios, beneficios, como tambi\u00e9n un poco de su historia.<\/p>\n\n\n\n<p><\/p>\n\n\n\n<h2 class=\"wp-block-heading\"><strong>Origen de la marca Shibumi<\/strong><\/h2>\n\n\n\n<p>Shibumi es una marca asi\u00e1tica, relativamente joven, con alrededor de 20 a\u00f1os en el mercado.<\/p>\n\n\n\n<p>Su logo es uno muy llamativo, contiene la silueta de una pantera y el nombre de la marca, donde abundan los colores rojo, negro y blanco. Shibumi establece que la pantera representan las cualidades que caracterizan la marca: fuerza y poder (para el dominio del terreno), control (para cada movimiento) y destreza (para un gran desempe\u00f1o).<\/p>\n\n\n\n<p>Miles de estos amortiguadores se fabrican en Jap\u00f3n y se distribuyen y venden muy bien en una gran cantidad de pa\u00edses en Latinoam\u00e9rica, como mencionamos anteriormente.<\/p>\n\n\n\n<p><\/p>\n\n\n\n<h2 class=\"wp-block-heading\"><strong>Cat\u00e1logo de Amortiguadores Shibumi<\/strong><\/h2>\n\n\n\n<p>La marca Shibumi ofrece modelos de amortiguadores autos, motos, veh\u00edculos comerciales y pesados, a continuaci\u00f3n te mostramos los modelos de amortiguadores Shibumi con grandes ofertas:<\/p>\n\n\n\n<p><\/p>\n\n\n\n<h3 class=\"has-text-align-center wp-block-heading\"><strong>Amortiguadores Ambidiestros<\/strong><\/h3>\n\n\n\n<div class=\"wp-block-uagb-info-box uagb-infobox__outer-wrap uagb-block-b3482984\"><div class=\"uagb-infobox__content-wrap uagb-infobox uagb-infobox-has-image uagb-infobox-icon-above-title uagb-infobox-image-valign-top uagb-infobox-enable-border-radius \"><div class=\"uagb-ifb-left-right-wrap\"><div class=\"uagb-ifb-content\"><div class=\"uagb-ifb-image-icon-content uagb-ifb-imgicon-wrap\"><div class=\"uagb-ifb-image\"><div class=\"uagb-ifb-image-content\"><img decoding=\"async\" class=\"uagb-ifb-img-src\" src=\"https:\/\/www.amortiguadoresdeauto.com\/wp-content\/uploads\/2022\/10\/Amortiguadores-ambidiestros-shibumi.png\" alt=\"Amortiguadores ambidiestros shibumi\"\/><\/div><\/div><\/div><div class=\"uagb-ifb-title-wrap\"><\/div><div class=\"uagb-ifb-separator-parent\"><div class=\"uagb-ifb-separator\"><\/div><\/div><div class=\"uagb-ifb-text-wrap\"><div class=\"uagb-ifb-cta uagb-infobox-cta-link-style\"><div class=\"uagb-ifb-button-wrapper\"><a href=\"https:\/\/frenosysuspensionesdq.com.co\/producto\/amortiguadores-ambidiestros\/\" class=\"uagb-infobox-cta-link uagb-ifb-cta-button\" target=\"_blank\" rel=\"noopener noreferrer\"><span class=\"uagb-ifb-cta-content-wrapper\"><span class=\"uagb-inline-editing \">Ver precio y oferta en Frenos y Suspensiones<\/span><\/span><\/a><\/div><\/div><\/div><\/div><\/div><\/div><\/div>\n\n\n\n<p>Este amortiguador ofrece a los conductores un manejo equilibrado y sustentabilidad, al combinar las caracter\u00edsticas que se adaptan a ambos lados de su veh\u00edculo.<\/p>\n\n\n\n<p>Este tipo de amortiguadores est\u00e1n equipados con un juego de l\u00e1minas con agujeros de diferentes tama\u00f1os. Si los gira, puede elegir desde d\u00f3nde instalarlo, ya sea el lado derecho o el izquierdo.<\/p>\n\n\n\n<p><\/p>\n\n\n\n<h3 class=\"has-text-align-center wp-block-heading\"><strong>De Direcci\u00f3n<\/strong><\/h3>\n\n\n\n<div class=\"wp-block-uagb-info-box uagb-infobox__outer-wrap uagb-block-98eedc80\"><div class=\"uagb-infobox__content-wrap uagb-infobox uagb-infobox-has-image uagb-infobox-icon-above-title uagb-infobox-image-valign-top uagb-infobox-enable-border-radius \"><div class=\"uagb-ifb-left-right-wrap\"><div class=\"uagb-ifb-content\"><div class=\"uagb-ifb-image-icon-content uagb-ifb-imgicon-wrap\"><div class=\"uagb-ifb-image\"><div class=\"uagb-ifb-image-content\"><img decoding=\"async\" class=\"uagb-ifb-img-src\" src=\"https:\/\/www.amortiguadoresdeauto.com\/wp-content\/uploads\/2022\/10\/Amortiguadores-de-direccion-shibumi.png\" alt=\"Amortiguadores de direccion shibumi\"\/><\/div><\/div><\/div><div class=\"uagb-ifb-title-wrap\"><\/div><div class=\"uagb-ifb-separator-parent\"><div class=\"uagb-ifb-separator\"><\/div><\/div><div class=\"uagb-ifb-text-wrap\"><div class=\"uagb-ifb-cta uagb-infobox-cta-link-style\"><div class=\"uagb-ifb-button-wrapper\"><a href=\"https:\/\/listado.mercadolibre.com.ve\/amortiguadores-shibumi-de-direcci%C3%B3n#D[A:amortiguadores%20shibumi%20De%20Direcci%C3%B3n]\" class=\"uagb-infobox-cta-link uagb-ifb-cta-button\" target=\"_blank\" rel=\"noopener noreferrer\"><span class=\"uagb-ifb-cta-content-wrapper\"><span class=\"uagb-inline-editing \">Ver precio y ofertas en Mercado Libre<\/span><\/span><\/a><\/div><\/div><\/div><\/div><\/div><\/div><\/div>\n\n\n\n<p>Los amortiguadores de direcci\u00f3n Shibumi est\u00e1n enfocados en la comodidad y seguridad, absorbiendo las vibraciones en los componentes de direcci\u00f3n para que no se transfieran al volante.<\/p>\n\n\n\n<p>Estos tienen dos funciones b\u00e1sicas: evitar que los movimientos bruscos de la suspensi\u00f3n se transfieran al volante y mantener bajo control las oscilaciones de las ruedas.<\/p>\n\n\n\n<p><\/p>\n\n\n\n<h3 class=\"has-text-align-center wp-block-heading\"><strong>Amortiguadores Estructura Shibumi<\/strong><\/h3>\n\n\n\n<div class=\"wp-block-uagb-info-box uagb-infobox__outer-wrap uagb-block-2795cb37\"><div class=\"uagb-infobox__content-wrap uagb-infobox uagb-infobox-has-image uagb-infobox-icon-above-title uagb-infobox-image-valign-top uagb-infobox-enable-border-radius \"><div class=\"uagb-ifb-left-right-wrap\"><div class=\"uagb-ifb-content\"><div class=\"uagb-ifb-image-icon-content uagb-ifb-imgicon-wrap\"><div class=\"uagb-ifb-image\"><div class=\"uagb-ifb-image-content\"><img decoding=\"async\" class=\"uagb-ifb-img-src\" src=\"https:\/\/www.amortiguadoresdeauto.com\/wp-content\/uploads\/2022\/10\/Amortiguadores-de-estructura-shibumi.png\" alt=\"Amortiguadores de estructura shibumi\"\/><\/div><\/div><\/div><div class=\"uagb-ifb-title-wrap\"><\/div><div class=\"uagb-ifb-separator-parent\"><div class=\"uagb-ifb-separator\"><\/div><\/div><div class=\"uagb-ifb-text-wrap\"><div class=\"uagb-ifb-cta uagb-infobox-cta-link-style\"><div class=\"uagb-ifb-button-wrapper\"><a href=\"https:\/\/carrorepuesto.com\/buscar?controller=search&amp;orderby=position&amp;orderway=desc&amp;search_query=amortiguadores+estructura+shibumi&amp;submit_search=\" class=\"uagb-infobox-cta-link uagb-ifb-cta-button\" target=\"_blank\" rel=\"noopener noreferrer\"><span class=\"uagb-ifb-cta-content-wrapper\"><span class=\"uagb-inline-editing \">Ver precios y ofertas en Carrorepuestos<\/span><\/span><\/a><\/div><\/div><\/div><\/div><\/div><\/div><\/div>\n\n\n\n<p>Se utilizan con mayor frecuencia en veh\u00edculos de tracci\u00f3n delantera con sistema de suspensi\u00f3n McPherson.<\/p>\n\n\n\n<p>Este dise\u00f1o de suspensi\u00f3n se ha utilizado en muchos veh\u00edculos. Es econ\u00f3mico y eficiente, pero no es recomendado para veh\u00edculos con muchas exigencias sobre el camino.<\/p>\n\n\n\n<p>Estos est\u00e1n disponibles en versi\u00f3n hidr\u00e1ulica y de gas. Para conocer m\u00e1s acerca de la diferencia entre amortiguadores hidr\u00e1ulicos y de gas, puedes navegar nuestra p\u00e1gina de inicio, donde encontraras toda la informaci\u00f3n relacionada con los amortiguadores.<\/p>\n\n\n\n<p><\/p>\n\n\n\n<h3 class=\"has-text-align-center wp-block-heading\"><strong>Amortiguador Telesc\u00f3pico<\/strong><\/h3>\n\n\n\n<div class=\"wp-block-uagb-info-box uagb-infobox__outer-wrap uagb-block-f3932944\"><div class=\"uagb-infobox__content-wrap uagb-infobox uagb-infobox-has-image uagb-infobox-icon-above-title uagb-infobox-image-valign-top uagb-infobox-enable-border-radius \"><div class=\"uagb-ifb-left-right-wrap\"><div class=\"uagb-ifb-content\"><div class=\"uagb-ifb-image-icon-content uagb-ifb-imgicon-wrap\"><div class=\"uagb-ifb-image\"><div class=\"uagb-ifb-image-content\"><img decoding=\"async\" class=\"uagb-ifb-img-src\" src=\"https:\/\/www.amortiguadoresdeauto.com\/wp-content\/uploads\/2022\/10\/Amortiguadores-telescopicos-shibumi.png\" alt=\"Amortiguadores telescopicos shibumi\"\/><\/div><\/div><\/div><div class=\"uagb-ifb-title-wrap\"><\/div><div class=\"uagb-ifb-separator-parent\"><div class=\"uagb-ifb-separator\"><\/div><\/div><div class=\"uagb-ifb-text-wrap\"><div class=\"uagb-ifb-cta uagb-infobox-cta-link-style\"><div class=\"uagb-ifb-button-wrapper\"><a href=\"https:\/\/frenosysuspensionesdq.com.co\/producto\/amortiguadores-telescopicos\/\" class=\"uagb-infobox-cta-link uagb-ifb-cta-button\" target=\"_blank\" rel=\"noopener noreferrer\"><span class=\"uagb-ifb-cta-content-wrapper\"><span class=\"uagb-inline-editing \">Ver precio en Frenos y Suspensiones<\/span><\/span><\/a><\/div><\/div><\/div><\/div><\/div><\/div><\/div>\n\n\n\n<p>Los amortiguadores telesc\u00f3picos Shibumi se montan con dos o cuatro tornillos y no tienen un prop\u00f3sito estructural.<\/p>\n\n\n\n<p><\/p>\n\n\n\n<h3 class=\"has-text-align-center wp-block-heading\"><strong>Para Autos quinta puerta o \u201cHatchback\u201d<\/strong><\/h3>\n\n\n\n<div class=\"wp-block-uagb-info-box uagb-infobox__outer-wrap uagb-block-3bc01e15\"><div class=\"uagb-infobox__content-wrap uagb-infobox uagb-infobox-has-image uagb-infobox-icon-above-title uagb-infobox-image-valign-top uagb-infobox-enable-border-radius \"><div class=\"uagb-ifb-left-right-wrap\"><div class=\"uagb-ifb-content\"><div class=\"uagb-ifb-image-icon-content uagb-ifb-imgicon-wrap\"><div class=\"uagb-ifb-image\"><div class=\"uagb-ifb-image-content\"><img decoding=\"async\" class=\"uagb-ifb-img-src\" src=\"https:\/\/www.amortiguadoresdeauto.com\/wp-content\/uploads\/2022\/10\/Amortiguadores-quinta-puerta-shibumi.png\" alt=\"Amortiguadores quinta puerta shibumi\"\/><\/div><\/div><\/div><div class=\"uagb-ifb-title-wrap\"><\/div><div class=\"uagb-ifb-separator-parent\"><div class=\"uagb-ifb-separator\"><\/div><\/div><div class=\"uagb-ifb-text-wrap\"><div class=\"uagb-ifb-cta uagb-infobox-cta-link-style\"><div class=\"uagb-ifb-button-wrapper\"><a href=\"https:\/\/listado.mercadolibre.com.co\/amortiguadore-shibumi-quinta-puerta#D[A:amortiguadore%20shibumi%20quinta%20puerta]\" class=\"uagb-infobox-cta-link uagb-ifb-cta-button\" target=\"_blank\" rel=\"noopener noreferrer\"><span class=\"uagb-ifb-cta-content-wrapper\"><span class=\"uagb-inline-editing \">Ver oferta en Mercado Libre<\/span><\/span><\/a><\/div><\/div><\/div><\/div><\/div><\/div><\/div>\n\n\n\n<p>Estos amortiguadores, como su palabra lo dice, est\u00e1n dise\u00f1ados para autos con cinco puertas, tambi\u00e9n conocidos por su nombre en ingl\u00e9s, \u201cHatchbacks\u201d.<\/p>\n\n\n\n<p>Estos son amortiguadores de gas, dise\u00f1ados para trabajar con la presi\u00f3n suficiente que necesita este tipo de veh\u00edculo y son fabricados lo mas similar posible al equipo original.<\/p>\n\n\n\n<p><\/p>\n\n\n\n<h3 class=\"has-text-align-center wp-block-heading\"><strong>Shibumi para veh\u00edculo Comercial<\/strong><\/h3>\n\n\n\n<div class=\"wp-block-uagb-info-box uagb-infobox__outer-wrap uagb-block-85ba95ed\"><div class=\"uagb-infobox__content-wrap uagb-infobox uagb-infobox-has-image uagb-infobox-icon-above-title uagb-infobox-image-valign-top uagb-infobox-enable-border-radius \"><div class=\"uagb-ifb-left-right-wrap\"><div class=\"uagb-ifb-content\"><div class=\"uagb-ifb-image-icon-content uagb-ifb-imgicon-wrap\"><div class=\"uagb-ifb-image\"><div class=\"uagb-ifb-image-content\"><img decoding=\"async\" class=\"uagb-ifb-img-src\" src=\"https:\/\/www.amortiguadoresdeauto.com\/wp-content\/uploads\/2022\/10\/Amortiguadores-comerciales-shibumi.png\" alt=\"Amortiguadores comerciales shibumi\"\/><\/div><\/div><\/div><div class=\"uagb-ifb-title-wrap\"><\/div><div class=\"uagb-ifb-separator-parent\"><div class=\"uagb-ifb-separator\"><\/div><\/div><div class=\"uagb-ifb-text-wrap\"><div class=\"uagb-ifb-cta uagb-infobox-cta-link-style\"><div class=\"uagb-ifb-button-wrapper\"><a href=\"https:\/\/impocali.com\/suspension-y-direccion-vehiculo-comercial\/\" class=\"uagb-infobox-cta-link uagb-ifb-cta-button\" target=\"_blank\" rel=\"noopener noreferrer\"><span class=\"uagb-ifb-cta-content-wrapper\"><span class=\"uagb-inline-editing \">Ver precios en ImpoCali<\/span><\/span><\/a><\/div><\/div><\/div><\/div><\/div><\/div><\/div>\n\n\n\n<p>Amortiguadores dise\u00f1ados para veh\u00edculos comerciales, como camionetas, veh\u00edculos de flota, vans y otros servicios de transporte. Su enfocan en el rendimiento, la eficiencia y la seguridad en la carretera.<\/p>\n\n\n\n<p><\/p>\n\n\n\n<h3 class=\"has-text-align-center wp-block-heading\"><strong>Amortiguadores Shibumi para veh\u00edculos pesados<\/strong><\/h3>\n\n\n\n<div class=\"wp-block-uagb-info-box uagb-infobox__outer-wrap uagb-block-ea937768\"><div class=\"uagb-infobox__content-wrap uagb-infobox uagb-infobox-has-image uagb-infobox-icon-above-title uagb-infobox-image-valign-top uagb-infobox-enable-border-radius \"><div class=\"uagb-ifb-left-right-wrap\"><div class=\"uagb-ifb-content\"><div class=\"uagb-ifb-image-icon-content uagb-ifb-imgicon-wrap\"><div class=\"uagb-ifb-image\"><div class=\"uagb-ifb-image-content\"><img decoding=\"async\" class=\"uagb-ifb-img-src\" src=\"https:\/\/www.amortiguadoresdeauto.com\/wp-content\/uploads\/2022\/10\/Amortiguadores-de-equipo-pesado-shibumi.png\" alt=\"Amortiguadores de equipo pesado shibumi\"\/><\/div><\/div><\/div><div class=\"uagb-ifb-title-wrap\"><\/div><div class=\"uagb-ifb-separator-parent\"><div class=\"uagb-ifb-separator\"><\/div><\/div><div class=\"uagb-ifb-text-wrap\"><div class=\"uagb-ifb-cta uagb-infobox-cta-link-style\"><div class=\"uagb-ifb-button-wrapper\"><a href=\"https:\/\/impocali.com\/suspension-y-direccion-vehiculo-comercial\/\" class=\"uagb-infobox-cta-link uagb-ifb-cta-button\" target=\"_blank\" rel=\"noopener noreferrer\"><span class=\"uagb-ifb-cta-content-wrapper\"><span class=\"uagb-inline-editing \">Ver precios en ImpoCali<\/span><\/span><\/a><\/div><\/div><\/div><\/div><\/div><\/div><\/div>\n\n\n\n<p><\/p>\n\n\n\n<p>Para este tipo de amortiguador, la marca Shibumi procura trabajar con materiales de alta calidad, enfoc\u00e1ndose siempre en la seguridad y el manejo del veh\u00edculo. Aun as\u00ed, este producto tiene una muy buena relaci\u00f3n calidad-precio.<\/p>\n\n\n\n<p>Este est\u00e1 dise\u00f1ado adem\u00e1s para transitar tiempo prolongado mediante caminos dif\u00edciles.<\/p>\n\n\n\n<p><\/p>\n\n\n\n<h3 class=\"has-text-align-center wp-block-heading\"><strong>Amortiguadores de Cabina<\/strong><\/h3>\n\n\n\n<div class=\"wp-block-uagb-info-box uagb-infobox__outer-wrap uagb-block-b850621c\"><div class=\"uagb-infobox__content-wrap uagb-infobox uagb-infobox-has-image uagb-infobox-icon-above-title uagb-infobox-image-valign-top uagb-infobox-enable-border-radius \"><div class=\"uagb-ifb-left-right-wrap\"><div class=\"uagb-ifb-content\"><div class=\"uagb-ifb-image-icon-content uagb-ifb-imgicon-wrap\"><div class=\"uagb-ifb-image\"><div class=\"uagb-ifb-image-content\"><img decoding=\"async\" class=\"uagb-ifb-img-src\" src=\"https:\/\/www.amortiguadoresdeauto.com\/wp-content\/uploads\/2022\/10\/Amortiguadores-de-cabina-shibumi.png\" alt=\"Amortiguadores de cabina shibumi\"\/><\/div><\/div><\/div><div class=\"uagb-ifb-title-wrap\"><\/div><div class=\"uagb-ifb-separator-parent\"><div class=\"uagb-ifb-separator\"><\/div><\/div><div class=\"uagb-ifb-text-wrap\"><div class=\"uagb-ifb-cta uagb-infobox-cta-link-style\"><div class=\"uagb-ifb-button-wrapper\"><a href=\"https:\/\/impocali.com\/suspension-y-direccion-vehiculo-comercial\/\" class=\"uagb-infobox-cta-link uagb-ifb-cta-button\" target=\"_blank\" rel=\"noopener noreferrer\"><span class=\"uagb-ifb-cta-content-wrapper\"><span class=\"uagb-inline-editing \">Ver precios en ImpoCali<\/span><\/span><\/a><\/div><\/div><\/div><\/div><\/div><\/div><\/div>\n\n\n\n<p>El dise\u00f1o y construcci\u00f3n de los amortiguadores de cabina Shibumi, va dirigido a brindar mayor estabilidad, comodidad y seguridad al veh\u00edculo.<\/p>\n\n\n\n<p>La estabilizaci\u00f3n de la cabina no solo mejora la comodidad, sino que tambi\u00e9n reduce la fatiga del conductor. Esto conduce a una mayor seguridad durante los viajes largos por carretera, a la vez que disminuye el desgaste de otros componentes del veh\u00edculo.<\/p>\n\n\n\n<p><\/p>\n\n\n\n<h3 class=\"wp-block-heading\"><strong>Amortiguadores Shibumi para moto<\/strong><\/h3>\n\n\n\n<p>Los amortiguadores Shibumi para moto, son muy buscados y vendidos por todo Latinoam\u00e9rica. Sin embargo, nuestra p\u00e1gina web est\u00e1 dedicada a los amortiguadores para auto.<\/p>\n\n\n\n<p>Pero como no nos podemos olvidar de nuestros amigos fan\u00e1ticos de las motos que lo mejor est\u00e1n necesitando unos amortiguadores en estos momentos, los invitamos a conocer estos amortiguadores directamente de <a href=\"https:\/\/www.shibumiparts.com\/Linea_de_Motos\">la p\u00e1gina web de Shibumi<\/a>.<\/p>\n\n\n\n<p><\/p>\n\n\n\n<h2 class=\"wp-block-heading\"><strong>Conclusi\u00f3n<\/strong><\/h2>\n\n\n\n<p>Ciertamente, los amortiguadores Shibumi no est\u00e1n al nivel de algunas de las marcas pr\u00e9mium de amortiguadores. No obstante, si ofrecen buenas soluciones, precios competitivos y variedad.<\/p>\n\n\n\n<p>Si puedes considerarlos como una alternativa a la hora de comprar, pero siempre considerando que existen mejores marcas de amortiguadores.<\/p>\n\n\n\n<p>Si quieres seguir conociendo m\u00e1s modelos, marcas y otros aspectos acerca de los <a href=\"https:\/\/www.amortiguadoresdeauto.com\/\">amortiguadores<\/a>, sigue navegando por nuestra p\u00e1gina web donde encontraras todo lo relacionado con esta pieza de auto tan importante.<\/p>\n","protected":false},"excerpt":{"rendered":"<p>Los amortiguadores Shibumi son muy reconocidos y utilizados en muchos pa&iacute;ses de como Colombia, Venezuela, Costa Rica, Panam&aacute;, Ecuador, Argentina, el Caribe y m&aacute;s. Est&aacute;n dise&ntilde;ados para poder trabajar en los caminos y topograf&iacute;a de la mayor&iacute;a de los pa&iacute;ses en Latinoam&eacute;rica, esto los hace confiables para los consumidores en esta zona. Shibumi ofrece amortiguadores &#8230; <a title=\"Amortiguadores Shibumi\" class=\"read-more\" href=\"https:\/\/www.amortiguadoresdeauto.com\/index.php\/amortiguadores-shibumi\/\">Leer m\u00e1s<\/a><\/p>\n","protected":false},"author":1,"featured_media":1038,"parent":0,"menu_order":0,"comment_status":"closed","ping_status":"closed","template":"","meta":{"footnotes":""},"uagb_featured_image_src":{"full":["https:\/\/www.amortiguadoresdeauto.com\/wp-content\/uploads\/2022\/10\/Amortiguadores-Shibumi.png",476,429,false],"thumbnail":["https:\/\/www.amortiguadoresdeauto.com\/wp-content\/uploads\/2022\/10\/Amortiguadores-Shibumi-150x150.png",150,150,true],"medium":["https:\/\/www.amortiguadoresdeauto.com\/wp-content\/uploads\/2022\/10\/Amortiguadores-Shibumi-300x270.png",300,270,true],"medium_large":["https:\/\/www.amortiguadoresdeauto.com\/wp-content\/uploads\/2022\/10\/Amortiguadores-Shibumi.png",476,429,false],"large":["https:\/\/www.amortiguadoresdeauto.com\/wp-content\/uploads\/2022\/10\/Amortiguadores-Shibumi.png",476,429,false],"1536x1536":["https:\/\/www.amortiguadoresdeauto.com\/wp-content\/uploads\/2022\/10\/Amortiguadores-Shibumi.png",476,429,false],"2048x2048":["https:\/\/www.amortiguadoresdeauto.com\/wp-content\/uploads\/2022\/10\/Amortiguadores-Shibumi.png",476,429,false]},"uagb_author_info":{"display_name":"admin","author_link":"https:\/\/www.amortiguadoresdeauto.com\/index.php\/author\/admin\/"},"uagb_comment_info":0,"uagb_excerpt":"Los amortiguadores Shibumi son muy reconocidos y utilizados en muchos pa&iacute;ses de como Colombia, Venezuela, Costa Rica, Panam&aacute;, Ecuador, Argentina, el Caribe y m&aacute;s. Est&aacute;n dise&ntilde;ados para poder trabajar en los caminos y topograf&iacute;a de la mayor&iacute;a de los pa&iacute;ses en Latinoam&eacute;rica, esto los hace confiables para los consumidores en esta zona. Shibumi ofrece amortiguadores&hellip;","yoast_head":"<!-- This site is optimized with the Yoast SEO plugin v14.7 - https:\/\/yoast.com\/wordpress\/plugins\/seo\/ -->\n<title>Amortiguadores Shibumi - Amortiguadores<\/title>\n<meta name=\"description\" content=\"Los amortiguadores Shibumi son muy reconocidos y utilizados en muchos pa\u00edses de Latinoamerica. Conoce sus caracter\u00edsticas, precios y ofertas.\" \/>\n<meta name=\"robots\" content=\"index, follow\" \/>\n<meta name=\"googlebot\" content=\"index, follow, max-snippet:-1, max-image-preview:large, max-video-preview:-1\" \/>\n<meta name=\"bingbot\" content=\"index, follow, max-snippet:-1, max-image-preview:large, max-video-preview:-1\" \/>\n<link rel=\"canonical\" href=\"https:\/\/www.amortiguadoresdeauto.com\/index.php\/amortiguadores-shibumi\/\" \/>\n<meta property=\"og:locale\" content=\"es_ES\" \/>\n<meta property=\"og:type\" content=\"article\" \/>\n<meta property=\"og:title\" content=\"Amortiguadores Shibumi - Amortiguadores\" \/>\n<meta property=\"og:description\" content=\"Los amortiguadores Shibumi son muy reconocidos y utilizados en muchos pa\u00edses de Latinoamerica. Conoce sus caracter\u00edsticas, precios y ofertas.\" \/>\n<meta property=\"og:url\" content=\"https:\/\/www.amortiguadoresdeauto.com\/index.php\/amortiguadores-shibumi\/\" \/>\n<meta property=\"og:site_name\" content=\"Amortiguadores\" \/>\n<meta property=\"article:modified_time\" content=\"2022-10-08T22:49:22+00:00\" \/>\n<meta property=\"og:image\" content=\"https:\/\/www.amortiguadoresdeauto.com\/wp-content\/uploads\/2022\/10\/Amortiguadores-Shibumi.png\" \/>\n\t<meta property=\"og:image:width\" content=\"476\" \/>\n\t<meta property=\"og:image:height\" content=\"429\" \/>\n<meta name=\"twitter:card\" content=\"summary_large_image\" \/>\n<script type=\"application\/ld+json\" class=\"yoast-schema-graph\">{\"@context\":\"https:\/\/schema.org\",\"@graph\":[{\"@type\":\"WebSite\",\"@id\":\"https:\/\/www.amortiguadoresdeauto.com\/#website\",\"url\":\"https:\/\/www.amortiguadoresdeauto.com\/\",\"name\":\"Amortiguadores\",\"description\":\"De Auto\",\"potentialAction\":[{\"@type\":\"SearchAction\",\"target\":\"https:\/\/www.amortiguadoresdeauto.com\/?s={search_term_string}\",\"query-input\":\"required name=search_term_string\"}],\"inLanguage\":\"es\"},{\"@type\":\"ImageObject\",\"@id\":\"https:\/\/www.amortiguadoresdeauto.com\/index.php\/amortiguadores-shibumi\/#primaryimage\",\"inLanguage\":\"es\",\"url\":\"https:\/\/www.amortiguadoresdeauto.com\/wp-content\/uploads\/2022\/10\/Amortiguadores-Shibumi.png\",\"width\":476,\"height\":429,\"caption\":\"Amortiguadores Shibumi\"},{\"@type\":\"WebPage\",\"@id\":\"https:\/\/www.amortiguadoresdeauto.com\/index.php\/amortiguadores-shibumi\/#webpage\",\"url\":\"https:\/\/www.amortiguadoresdeauto.com\/index.php\/amortiguadores-shibumi\/\",\"name\":\"Amortiguadores Shibumi - Amortiguadores\",\"isPartOf\":{\"@id\":\"https:\/\/www.amortiguadoresdeauto.com\/#website\"},\"primaryImageOfPage\":{\"@id\":\"https:\/\/www.amortiguadoresdeauto.com\/index.php\/amortiguadores-shibumi\/#primaryimage\"},\"datePublished\":\"2022-10-08T22:49:20+00:00\",\"dateModified\":\"2022-10-08T22:49:22+00:00\",\"description\":\"Los amortiguadores Shibumi son muy reconocidos y utilizados en muchos pa\\u00edses de Latinoamerica. Conoce sus caracter\\u00edsticas, precios y ofertas.\",\"inLanguage\":\"es\",\"potentialAction\":[{\"@type\":\"ReadAction\",\"target\":[\"https:\/\/www.amortiguadoresdeauto.com\/index.php\/amortiguadores-shibumi\/\"]}]}]}<\/script>\n<!-- \/ Yoast SEO plugin. -->","_links":{"self":[{"href":"https:\/\/www.amortiguadoresdeauto.com\/index.php\/wp-json\/wp\/v2\/pages\/1025"}],"collection":[{"href":"https:\/\/www.amortiguadoresdeauto.com\/index.php\/wp-json\/wp\/v2\/pages"}],"about":[{"href":"https:\/\/www.amortiguadoresdeauto.com\/index.php\/wp-json\/wp\/v2\/types\/page"}],"author":[{"embeddable":true,"href":"https:\/\/www.amortiguadoresdeauto.com\/index.php\/wp-json\/wp\/v2\/users\/1"}],"replies":[{"embeddable":true,"href":"https:\/\/www.amortiguadoresdeauto.com\/index.php\/wp-json\/wp\/v2\/comments?post=1025"}],"version-history":[{"count":5,"href":"https:\/\/www.amortiguadoresdeauto.com\/index.php\/wp-json\/wp\/v2\/pages\/1025\/revisions"}],"predecessor-version":[{"id":1039,"href":"https:\/\/www.amortiguadoresdeauto.com\/index.php\/wp-json\/wp\/v2\/pages\/1025\/revisions\/1039"}],"wp:featuredmedia":[{"embeddable":true,"href":"https:\/\/www.amortiguadoresdeauto.com\/index.php\/wp-json\/wp\/v2\/media\/1038"}],"wp:attachment":[{"href":"https:\/\/www.amortiguadoresdeauto.com\/index.php\/wp-json\/wp\/v2\/media?parent=1025"}],"curies":[{"name":"wp","href":"https:\/\/api.w.org\/{rel}","templated":true}]}}