{"id":255,"date":"2021-01-22T21:02:52","date_gmt":"2021-01-22T21:02:52","guid":{"rendered":"https:\/\/www.amortiguadoresdeauto.com\/?page_id=255"},"modified":"2021-01-22T21:02:53","modified_gmt":"2021-01-22T21:02:53","slug":"amortiguadores-record","status":"publish","type":"page","link":"https:\/\/www.amortiguadoresdeauto.com\/index.php\/amortiguadores-record\/","title":{"rendered":"Amortiguadores Record &#8211; Gran opci\u00f3n para Reemplazos"},"content":{"rendered":"\n<p>Record es un fabricante de amortiguadores franc\u00e9s con m\u00e1s de 60 a\u00f1os de existencia. Se especializa en el mercado de recambio para veh\u00edculos industriales ligeros y turismos.<\/p>\n\n\n\n<p>Record cuenta con las tecnolog\u00edas Maxigaz y Super. Maxigaz para su l\u00ednea de amortiguadores de gas y Super para sus amortiguadores hidr\u00e1ulicos bitubo.<\/p>\n\n\n\n<p>Como mencionamos, Record es una marca de origen franc\u00e9s, pero han integrado a los chinos en su fabricaci\u00f3n. La marca ofrece precios sumamente atractivos y una extensa l\u00ednea de productos.<\/p>\n\n\n\n<p>Record se enfoca en ofrecer una conducci\u00f3n normal, estable y c\u00f3moda, contando con los siguientes tipos de amortiguadores:<\/p>\n\n\n\n<p><\/p>\n\n\n\n<h2 class=\"wp-block-heading\"><strong>Amortiguadores Record para Conducci\u00f3n Deportiva (SP)<\/strong><\/h2>\n\n\n\n<p>El amortiguador de tipo SP est\u00e1 especialmente dise\u00f1ado y fabricado bajo una \u00f3ptica de conducci\u00f3n deportiva o especial. Los valores de amortiguaci\u00f3n son adecuados para aumentar la seguridad y la prestaci\u00f3n del veh\u00edculo.<\/p>\n\n\n\n<p>Los amortiguadores SP tambi\u00e9n est\u00e1n dise\u00f1ados para ser equipados con muelles, rebajados o no, de configuraci\u00f3n compatible con los amortiguadores originales.<\/p>\n\n\n\n<p><\/p>\n\n\n\n<h2 class=\"wp-block-heading\"><strong>Conducci\u00f3n en Carga (RP)<\/strong><\/h2>\n\n\n\n<p>El amortiguador Record RP, con reactiva progresiva, est\u00e1 dise\u00f1ado y fabricado para los veh\u00edculos que llevan carga o se conducen con caravanas o remolques. Es la soluci\u00f3n ideal para actividades profesionales, familiares y los ocios.<\/p>\n\n\n\n<p>Este amortiguador, por medio de muelle de poliuretano, elimina los efectos de tocar fondo, alivia la suspensi\u00f3n y equilibra el coche.<\/p>\n\n\n\n<p>La marca Record tambi\u00e9n tiene productos dirigidos a veh\u00edculos de colecci\u00f3n, adem\u00e1s dise\u00f1a y fabrica todos los tipos de amortiguadores, para todos tipos de uso y conducci\u00f3n, en series peque\u00f1as y medianas, de acuerdo a las especificaciones del cliente.<\/p>\n\n\n\n<p><\/p>\n\n\n\n<h2 class=\"wp-block-heading\"><strong>Cat\u00e1logo de Amortiguadores Record<\/strong><\/h2>\n\n\n\n<p>Record tiene un gran volumen de producci\u00f3n, porque existen muchos amortiguadores de la marca, compatible con veh\u00edculos Renault, Peugeot, Citro\u00ebn y m\u00e1s.<\/p>\n\n\n\n<p>Para conocer el cat\u00e1logo en l\u00ednea puedes visitar la p\u00e1gina a continuaci\u00f3n, <a href=\"https:\/\/record-france.fr\/es\/catalogue\">cat\u00e1logo de amortiguadores Record<\/a>. <\/p>\n\n\n\n<p>Ah\u00ed puedes ingresar la marca del veh\u00edculo y el modelo, para verificar si hay un amortiguador Record que se adapte a tu veh\u00edculo. Su distribuci\u00f3n est\u00e1 m\u00e1s enfocada al continente Europeo.<\/p>\n\n\n\n<p><\/p>\n\n\n\n<h2 class=\"wp-block-heading\"><strong>Conclusi\u00f3n<\/strong><\/h2>\n\n\n\n<p>Ciertamente la marca Record no es la mejor marca de amortiguadores ni la m\u00e1s prominente. Pero si tiene una gran volumen de producci\u00f3n de amortiguadores y unos precios muy atractivos.<\/p>\n\n\n\n<p>Con toda esta informaci\u00f3n podr\u00e1s determinar si un amortiguador Record es conveniente para ti y tu bolsillo.<\/p>\n","protected":false},"excerpt":{"rendered":"<p>Record es un fabricante de amortiguadores franc&eacute;s con m&aacute;s de 60 a&ntilde;os de existencia. Se especializa en el mercado de recambio para veh&iacute;culos industriales ligeros y turismos. Record cuenta con las tecnolog&iacute;as Maxigaz y Super. Maxigaz para su l&iacute;nea de amortiguadores de gas y Super para sus amortiguadores hidr&aacute;ulicos bitubo. Como mencionamos, Record es una &#8230; <a title=\"Amortiguadores Record &#8211; Gran opci\u00f3n para Reemplazos\" class=\"read-more\" href=\"https:\/\/www.amortiguadoresdeauto.com\/index.php\/amortiguadores-record\/\">Leer m\u00e1s<\/a><\/p>\n","protected":false},"author":1,"featured_media":260,"parent":0,"menu_order":0,"comment_status":"closed","ping_status":"closed","template":"","meta":{"footnotes":""},"uagb_featured_image_src":{"full":["https:\/\/www.amortiguadoresdeauto.com\/wp-content\/uploads\/2021\/01\/amortiguadores-record.jpg",767,245,false],"thumbnail":["https:\/\/www.amortiguadoresdeauto.com\/wp-content\/uploads\/2021\/01\/amortiguadores-record-150x150.jpg",150,150,true],"medium":["https:\/\/www.amortiguadoresdeauto.com\/wp-content\/uploads\/2021\/01\/amortiguadores-record-300x96.jpg",300,96,true],"medium_large":["https:\/\/www.amortiguadoresdeauto.com\/wp-content\/uploads\/2021\/01\/amortiguadores-record.jpg",767,245,false],"large":["https:\/\/www.amortiguadoresdeauto.com\/wp-content\/uploads\/2021\/01\/amortiguadores-record.jpg",767,245,false],"1536x1536":["https:\/\/www.amortiguadoresdeauto.com\/wp-content\/uploads\/2021\/01\/amortiguadores-record.jpg",767,245,false],"2048x2048":["https:\/\/www.amortiguadoresdeauto.com\/wp-content\/uploads\/2021\/01\/amortiguadores-record.jpg",767,245,false]},"uagb_author_info":{"display_name":"admin","author_link":"https:\/\/www.amortiguadoresdeauto.com\/index.php\/author\/admin\/"},"uagb_comment_info":0,"uagb_excerpt":"Record es un fabricante de amortiguadores franc&eacute;s con m&aacute;s de 60 a&ntilde;os de existencia. Se especializa en el mercado de recambio para veh&iacute;culos industriales ligeros y turismos. Record cuenta con las tecnolog&iacute;as Maxigaz y Super. Maxigaz para su l&iacute;nea de amortiguadores de gas y Super para sus amortiguadores hidr&aacute;ulicos bitubo. Como mencionamos, Record es una&hellip;","yoast_head":"<!-- This site is optimized with the Yoast SEO plugin v14.7 - https:\/\/yoast.com\/wordpress\/plugins\/seo\/ -->\n<title>Amortiguadores Record - Gran opci\u00f3n para Reemplazos - Amortiguadores<\/title>\n<meta name=\"description\" content=\"Los amortiguadores Record son una gran opci\u00f3n a la hora de reemplazar tus amortiguadores. Conoce todo lo que debes saber acerca de estos.\" \/>\n<meta name=\"robots\" content=\"index, follow\" \/>\n<meta name=\"googlebot\" content=\"index, follow, max-snippet:-1, max-image-preview:large, max-video-preview:-1\" \/>\n<meta name=\"bingbot\" content=\"index, follow, max-snippet:-1, max-image-preview:large, max-video-preview:-1\" \/>\n<link rel=\"canonical\" href=\"https:\/\/www.amortiguadoresdeauto.com\/index.php\/amortiguadores-record\/\" \/>\n<meta property=\"og:locale\" content=\"es_ES\" \/>\n<meta property=\"og:type\" content=\"article\" \/>\n<meta property=\"og:title\" content=\"Amortiguadores Record - Gran opci\u00f3n para Reemplazos - Amortiguadores\" \/>\n<meta property=\"og:description\" content=\"Los amortiguadores Record son una gran opci\u00f3n a la hora de reemplazar tus amortiguadores. Conoce todo lo que debes saber acerca de estos.\" \/>\n<meta property=\"og:url\" content=\"https:\/\/www.amortiguadoresdeauto.com\/index.php\/amortiguadores-record\/\" \/>\n<meta property=\"og:site_name\" content=\"Amortiguadores\" \/>\n<meta property=\"article:modified_time\" content=\"2021-01-22T21:02:53+00:00\" \/>\n<meta property=\"og:image\" content=\"https:\/\/www.amortiguadoresdeauto.com\/wp-content\/uploads\/2021\/01\/amortiguadores-record.jpg\" \/>\n\t<meta property=\"og:image:width\" content=\"767\" \/>\n\t<meta property=\"og:image:height\" content=\"245\" \/>\n<meta name=\"twitter:card\" content=\"summary_large_image\" \/>\n<script type=\"application\/ld+json\" class=\"yoast-schema-graph\">{\"@context\":\"https:\/\/schema.org\",\"@graph\":[{\"@type\":\"WebSite\",\"@id\":\"https:\/\/www.amortiguadoresdeauto.com\/#website\",\"url\":\"https:\/\/www.amortiguadoresdeauto.com\/\",\"name\":\"Amortiguadores\",\"description\":\"De Auto\",\"potentialAction\":[{\"@type\":\"SearchAction\",\"target\":\"https:\/\/www.amortiguadoresdeauto.com\/?s={search_term_string}\",\"query-input\":\"required name=search_term_string\"}],\"inLanguage\":\"es\"},{\"@type\":\"ImageObject\",\"@id\":\"https:\/\/www.amortiguadoresdeauto.com\/index.php\/amortiguadores-record\/#primaryimage\",\"inLanguage\":\"es\",\"url\":\"https:\/\/www.amortiguadoresdeauto.com\/wp-content\/uploads\/2021\/01\/amortiguadores-record.jpg\",\"width\":767,\"height\":245,\"caption\":\"Amortiguadores Record\"},{\"@type\":\"WebPage\",\"@id\":\"https:\/\/www.amortiguadoresdeauto.com\/index.php\/amortiguadores-record\/#webpage\",\"url\":\"https:\/\/www.amortiguadoresdeauto.com\/index.php\/amortiguadores-record\/\",\"name\":\"Amortiguadores Record - Gran opci\\u00f3n para Reemplazos - Amortiguadores\",\"isPartOf\":{\"@id\":\"https:\/\/www.amortiguadoresdeauto.com\/#website\"},\"primaryImageOfPage\":{\"@id\":\"https:\/\/www.amortiguadoresdeauto.com\/index.php\/amortiguadores-record\/#primaryimage\"},\"datePublished\":\"2021-01-22T21:02:52+00:00\",\"dateModified\":\"2021-01-22T21:02:53+00:00\",\"description\":\"Los amortiguadores Record son una gran opci\\u00f3n a la hora de reemplazar tus amortiguadores. Conoce todo lo que debes saber acerca de estos.\",\"inLanguage\":\"es\",\"potentialAction\":[{\"@type\":\"ReadAction\",\"target\":[\"https:\/\/www.amortiguadoresdeauto.com\/index.php\/amortiguadores-record\/\"]}]}]}<\/script>\n<!-- \/ Yoast SEO plugin. -->","_links":{"self":[{"href":"https:\/\/www.amortiguadoresdeauto.com\/index.php\/wp-json\/wp\/v2\/pages\/255"}],"collection":[{"href":"https:\/\/www.amortiguadoresdeauto.com\/index.php\/wp-json\/wp\/v2\/pages"}],"about":[{"href":"https:\/\/www.amortiguadoresdeauto.com\/index.php\/wp-json\/wp\/v2\/types\/page"}],"author":[{"embeddable":true,"href":"https:\/\/www.amortiguadoresdeauto.com\/index.php\/wp-json\/wp\/v2\/users\/1"}],"replies":[{"embeddable":true,"href":"https:\/\/www.amortiguadoresdeauto.com\/index.php\/wp-json\/wp\/v2\/comments?post=255"}],"version-history":[{"count":1,"href":"https:\/\/www.amortiguadoresdeauto.com\/index.php\/wp-json\/wp\/v2\/pages\/255\/revisions"}],"predecessor-version":[{"id":256,"href":"https:\/\/www.amortiguadoresdeauto.com\/index.php\/wp-json\/wp\/v2\/pages\/255\/revisions\/256"}],"wp:featuredmedia":[{"embeddable":true,"href":"https:\/\/www.amortiguadoresdeauto.com\/index.php\/wp-json\/wp\/v2\/media\/260"}],"wp:attachment":[{"href":"https:\/\/www.amortiguadoresdeauto.com\/index.php\/wp-json\/wp\/v2\/media?parent=255"}],"curies":[{"name":"wp","href":"https:\/\/api.w.org\/{rel}","templated":true}]}}