{"id":257,"date":"2021-01-22T20:57:34","date_gmt":"2021-01-22T20:57:34","guid":{"rendered":"https:\/\/www.amortiguadoresdeauto.com\/?page_id=257"},"modified":"2022-12-29T10:31:11","modified_gmt":"2022-12-29T10:31:11","slug":"amortiguadores-yokomitsu","status":"publish","type":"page","link":"https:\/\/www.amortiguadoresdeauto.com\/index.php\/amortiguadores-yokomitsu\/","title":{"rendered":"Los Amortiguadores Yokomitsu \u00bfSon buenos?"},"content":{"rendered":"\n<p>Yokomitsu es una marca de amortiguadores con tecnolog\u00eda japonesa, la cual no es tan conocida como las marcas pilares de la industria ni tan antigua. Pero poco a poco, con sus atractivos precios, va colocando los amortiguadores Yokomitsu dentro del mercado.<\/p>\n\n\n\n<p>La misma ofrece amortiguadores para veh\u00edculos Toyota, Chevrolet, Volkswagen, Nissan y Hyundai, Dodge, Ford, Honda, Peugeot, Renault y Suzuki, entre otras.<\/p>\n\n\n\n<p>Esta marca ofrece amortiguadores de gas y amortiguadores hidr\u00e1ulicos. De esta manera proporciona estabilidad y confort a un precio accesible.<\/p>\n\n\n\n<h2 class=\"wp-block-heading\"><strong>Cat\u00e1logo Yokomitsu de Amortiguadores de Gas<\/strong><\/h2>\n\n\n\n<p>A continuaci\u00f3n te mostramos un cat\u00e1logo resumido de Yokomitsu, presentados con el modelo del amortiguador primero, seguido de la marca, modelo y a\u00f1o de fabricaci\u00f3n del veh\u00edculo.<\/p>\n\n\n\n<pre class=\"wp-block-preformatted\">SANA0101 KIA RIO 1.6L 2018-2020\nSANA0102 KIA RIO 1.6L 2018-2020\nSANA0201 KIA SPORTAGE 2.0L 2017-2020\nSANA0202 KIA SPORTAGE 2.0L 2017-2020\nSANC0400 CHEVROLET TORNADO 1.8L 2012-2020\nSANC0450 CHEVROLET TORNADO 1.8L 2012-2020\nSANC0150 CHEVROLET CHEVY 1.4L\/1.6L 3-4-5PTAS 1994-2012\nSANC0160 CHEVROLET CHEVY 1.4L\/1.6L 3-4-5PTAS 1994-2012\nSANK1100 DOGE ATTITUDE 1.2L 2015-2020\nSANK1170 DOGE ATTITUDE 1.2L 2015-2020\nSANF0101 FORD FOCUS 2.0L 2000-2006\nSANF0150 FORD FOCUS 2.0L 2000-2006\nSANH0211 HONDA CIVIC 1.6L 2001-2002\nSANH0221 HONDA CIVIC 1.6L 2001-2002\nSAND0301 HYUNDAI GRAND I-10 1.2L 2015-2020\nSAND0302 HYUNDAI GRAND I-10 1.2L 2015-2020\nSANN0111 NISSAN TS-III 1.6L 1992-2017\nSANN0112 NISSAN TS-III 1.6L 1992-2017\nSANS1300 MITSUBISHI L200 2.4L\/2.5L 2008-2019\nSANS1350 MITSUBISHI L200 2.4L\/2.5L 2008-2019\nSANT0201 TOYOTA COROLLA 1.8L 2014-2016\nSANT0202 TOYOTA COROLLA 1.8L 2014-2016\nSANZ0101 MAZDA 3 2.0L\/2.5L 2014-2018\nSANZ0111 MAZDA 3 2.0L\/2.5L 2014-2018<\/pre>\n\n\n\n<p>Este cat\u00e1logo puede servirte de gran referencia para que sepas que modelo es compatible con tu auto. Pero si quieres descargar el cat\u00e1logo en formato PDF, puedes hacerlo en el siguiente enlace, <a href=\"https:\/\/www.optimoautopartes.com.mx\/catalogos\/cat11.zip\">Cat\u00e1logo de Amortiguadores Yokomitsu<\/a>. <\/p>\n\n\n\n<p>Por otra parte, si quieres acceder al cat\u00e1logo completo online de amortiguadores puedes visitar este <a href=\"https:\/\/www.mizumoautopartsgt.com\/brands.php?brand=YOKOMITSU\">cat\u00e1logo online<\/a>. <\/p>\n\n\n\n<p><\/p>\n\n\n\n<h2 class=\"wp-block-heading\"><strong>Conslusi\u00f3n<\/strong><\/h2>\n\n\n\n<p>La marca Yokomitsu ciertamente no es la mejor marca de amortiguadores ni la m\u00e1s reconocida. Esto quiz\u00e1s por su corta trayectoria, dado que la calidad de sus productos es una aceptable y con precios muy econ\u00f3micos.<\/p>\n\n\n\n<p>As\u00ed que si buscas unos amortiguadores econ\u00f3micos, estos pueden ser tu opci\u00f3n. Si quieres irte a la segura con marcas que ya conoces por su trayectoria, puedes visitar nuestras p\u00e1ginas dedicadas a las marcas de amortiguadores pilares como, Monroe, Boge y Bilstein.<\/p>\n\n\n<div id=\"amzn-assoc-ad-b3548a33-825b-4420-86dc-54db808520a3\"><\/div>\n<p><script async=\"\" src=\"\/\/z-na.amazon-adsystem.com\/widgets\/onejs?MarketPlace=US&amp;adInstanceId=b3548a33-825b-4420-86dc-54db808520a3\"><\/script><\/p>\n\n\n<p><script type=\"text\/javascript\">\namzn_assoc_placement = \"adunit0\";\namzn_assoc_search_bar = \"true\";\namzn_assoc_tracking_id = \"amortiguadore-20\";\namzn_assoc_search_bar_position = \"bottom\";\namzn_assoc_ad_mode = \"search\";\namzn_assoc_ad_type = \"smart\";\namzn_assoc_marketplace = \"amazon\";\namzn_assoc_region = \"US\";\namzn_assoc_title = \"Amortiguadores\";\namzn_assoc_default_search_phrase = \"Amortiguadores\";\namzn_assoc_default_category = \"All\";\namzn_assoc_linkid = \"45a2c77917cc2b10085b1db688e44e35\";\n<\/script><br \/>\n<script src=\"\/\/z-na.amazon-adsystem.com\/widgets\/onejs?MarketPlace=US\"><\/script><\/p>\n","protected":false},"excerpt":{"rendered":"<p>Yokomitsu es una marca de amortiguadores con tecnolog&iacute;a japonesa, la cual no es tan conocida como las marcas pilares de la industria ni tan antigua. Pero poco a poco, con sus atractivos precios, va colocando los amortiguadores Yokomitsu dentro del mercado. La misma ofrece amortiguadores para veh&iacute;culos Toyota, Chevrolet, Volkswagen, Nissan y Hyundai, Dodge, Ford, &#8230; <a title=\"Los Amortiguadores Yokomitsu \u00bfSon buenos?\" class=\"read-more\" href=\"https:\/\/www.amortiguadoresdeauto.com\/index.php\/amortiguadores-yokomitsu\/\">Leer m\u00e1s<\/a><\/p>\n","protected":false},"author":1,"featured_media":258,"parent":0,"menu_order":0,"comment_status":"closed","ping_status":"closed","template":"","meta":{"footnotes":""},"uagb_featured_image_src":{"full":["https:\/\/www.amortiguadoresdeauto.com\/wp-content\/uploads\/2021\/01\/Amortiguadores-yokomitsu.jpg",2100,1574,false],"thumbnail":["https:\/\/www.amortiguadoresdeauto.com\/wp-content\/uploads\/2021\/01\/Amortiguadores-yokomitsu-150x150.jpg",150,150,true],"medium":["https:\/\/www.amortiguadoresdeauto.com\/wp-content\/uploads\/2021\/01\/Amortiguadores-yokomitsu-300x225.jpg",300,225,true],"medium_large":["https:\/\/www.amortiguadoresdeauto.com\/wp-content\/uploads\/2021\/01\/Amortiguadores-yokomitsu-768x576.jpg",768,576,true],"large":["https:\/\/www.amortiguadoresdeauto.com\/wp-content\/uploads\/2021\/01\/Amortiguadores-yokomitsu-1024x768.jpg",1024,768,true],"1536x1536":["https:\/\/www.amortiguadoresdeauto.com\/wp-content\/uploads\/2021\/01\/Amortiguadores-yokomitsu-1536x1151.jpg",1536,1151,true],"2048x2048":["https:\/\/www.amortiguadoresdeauto.com\/wp-content\/uploads\/2021\/01\/Amortiguadores-yokomitsu-2048x1535.jpg",2048,1535,true]},"uagb_author_info":{"display_name":"admin","author_link":"https:\/\/www.amortiguadoresdeauto.com\/index.php\/author\/admin\/"},"uagb_comment_info":0,"uagb_excerpt":"Yokomitsu es una marca de amortiguadores con tecnolog&iacute;a japonesa, la cual no es tan conocida como las marcas pilares de la industria ni tan antigua. Pero poco a poco, con sus atractivos precios, va colocando los amortiguadores Yokomitsu dentro del mercado. La misma ofrece amortiguadores para veh&iacute;culos Toyota, Chevrolet, Volkswagen, Nissan y Hyundai, Dodge, Ford,&hellip;","yoast_head":"<!-- This site is optimized with the Yoast SEO plugin v14.7 - https:\/\/yoast.com\/wordpress\/plugins\/seo\/ -->\n<title>Los Amortiguadores Yokomitsu \u00bfSon buenos? - Amortiguadores<\/title>\n<meta name=\"description\" content=\"Los amortiguadores Yokomitsu est\u00e1n compuestos por tecnolog\u00eda japonesa y son muy econ\u00f3micos. Pero lo pregunta es \u00bfSon buenos?, desc\u00fabrelo.\" \/>\n<meta name=\"robots\" content=\"index, follow\" \/>\n<meta name=\"googlebot\" content=\"index, follow, max-snippet:-1, max-image-preview:large, max-video-preview:-1\" \/>\n<meta name=\"bingbot\" content=\"index, follow, max-snippet:-1, max-image-preview:large, max-video-preview:-1\" \/>\n<link rel=\"canonical\" href=\"https:\/\/www.amortiguadoresdeauto.com\/index.php\/amortiguadores-yokomitsu\/\" \/>\n<meta property=\"og:locale\" content=\"es_ES\" \/>\n<meta property=\"og:type\" content=\"article\" \/>\n<meta property=\"og:title\" content=\"Los Amortiguadores Yokomitsu \u00bfSon buenos? - Amortiguadores\" \/>\n<meta property=\"og:description\" content=\"Los amortiguadores Yokomitsu est\u00e1n compuestos por tecnolog\u00eda japonesa y son muy econ\u00f3micos. Pero lo pregunta es \u00bfSon buenos?, desc\u00fabrelo.\" \/>\n<meta property=\"og:url\" content=\"https:\/\/www.amortiguadoresdeauto.com\/index.php\/amortiguadores-yokomitsu\/\" \/>\n<meta property=\"og:site_name\" content=\"Amortiguadores\" \/>\n<meta property=\"article:modified_time\" content=\"2022-12-29T10:31:11+00:00\" \/>\n<meta property=\"og:image\" content=\"https:\/\/www.amortiguadoresdeauto.com\/wp-content\/uploads\/2021\/01\/Amortiguadores-yokomitsu.jpg\" \/>\n\t<meta property=\"og:image:width\" content=\"2100\" \/>\n\t<meta property=\"og:image:height\" content=\"1574\" \/>\n<meta name=\"twitter:card\" content=\"summary_large_image\" \/>\n<script type=\"application\/ld+json\" class=\"yoast-schema-graph\">{\"@context\":\"https:\/\/schema.org\",\"@graph\":[{\"@type\":\"WebSite\",\"@id\":\"https:\/\/www.amortiguadoresdeauto.com\/#website\",\"url\":\"https:\/\/www.amortiguadoresdeauto.com\/\",\"name\":\"Amortiguadores\",\"description\":\"De Auto\",\"potentialAction\":[{\"@type\":\"SearchAction\",\"target\":\"https:\/\/www.amortiguadoresdeauto.com\/?s={search_term_string}\",\"query-input\":\"required name=search_term_string\"}],\"inLanguage\":\"es\"},{\"@type\":\"ImageObject\",\"@id\":\"https:\/\/www.amortiguadoresdeauto.com\/index.php\/amortiguadores-yokomitsu\/#primaryimage\",\"inLanguage\":\"es\",\"url\":\"https:\/\/www.amortiguadoresdeauto.com\/wp-content\/uploads\/2021\/01\/Amortiguadores-yokomitsu.jpg\",\"width\":2100,\"height\":1574,\"caption\":\"Amortiguadores Yokomitsu\"},{\"@type\":\"WebPage\",\"@id\":\"https:\/\/www.amortiguadoresdeauto.com\/index.php\/amortiguadores-yokomitsu\/#webpage\",\"url\":\"https:\/\/www.amortiguadoresdeauto.com\/index.php\/amortiguadores-yokomitsu\/\",\"name\":\"Los Amortiguadores Yokomitsu \\u00bfSon buenos? - Amortiguadores\",\"isPartOf\":{\"@id\":\"https:\/\/www.amortiguadoresdeauto.com\/#website\"},\"primaryImageOfPage\":{\"@id\":\"https:\/\/www.amortiguadoresdeauto.com\/index.php\/amortiguadores-yokomitsu\/#primaryimage\"},\"datePublished\":\"2021-01-22T20:57:34+00:00\",\"dateModified\":\"2022-12-29T10:31:11+00:00\",\"description\":\"Los amortiguadores Yokomitsu est\\u00e1n compuestos por tecnolog\\u00eda japonesa y son muy econ\\u00f3micos. Pero lo pregunta es \\u00bfSon buenos?, desc\\u00fabrelo.\",\"inLanguage\":\"es\",\"potentialAction\":[{\"@type\":\"ReadAction\",\"target\":[\"https:\/\/www.amortiguadoresdeauto.com\/index.php\/amortiguadores-yokomitsu\/\"]}]}]}<\/script>\n<!-- \/ Yoast SEO plugin. -->","_links":{"self":[{"href":"https:\/\/www.amortiguadoresdeauto.com\/index.php\/wp-json\/wp\/v2\/pages\/257"}],"collection":[{"href":"https:\/\/www.amortiguadoresdeauto.com\/index.php\/wp-json\/wp\/v2\/pages"}],"about":[{"href":"https:\/\/www.amortiguadoresdeauto.com\/index.php\/wp-json\/wp\/v2\/types\/page"}],"author":[{"embeddable":true,"href":"https:\/\/www.amortiguadoresdeauto.com\/index.php\/wp-json\/wp\/v2\/users\/1"}],"replies":[{"embeddable":true,"href":"https:\/\/www.amortiguadoresdeauto.com\/index.php\/wp-json\/wp\/v2\/comments?post=257"}],"version-history":[{"count":3,"href":"https:\/\/www.amortiguadoresdeauto.com\/index.php\/wp-json\/wp\/v2\/pages\/257\/revisions"}],"predecessor-version":[{"id":1100,"href":"https:\/\/www.amortiguadoresdeauto.com\/index.php\/wp-json\/wp\/v2\/pages\/257\/revisions\/1100"}],"wp:featuredmedia":[{"embeddable":true,"href":"https:\/\/www.amortiguadoresdeauto.com\/index.php\/wp-json\/wp\/v2\/media\/258"}],"wp:attachment":[{"href":"https:\/\/www.amortiguadoresdeauto.com\/index.php\/wp-json\/wp\/v2\/media?parent=257"}],"curies":[{"name":"wp","href":"https:\/\/api.w.org\/{rel}","templated":true}]}}