{"id":276,"date":"2021-01-25T00:41:48","date_gmt":"2021-01-25T00:41:48","guid":{"rendered":"https:\/\/www.amortiguadoresdeauto.com\/?page_id=276"},"modified":"2021-05-09T21:23:55","modified_gmt":"2021-05-09T21:23:55","slug":"amortiguadores-ohlins","status":"publish","type":"page","link":"https:\/\/www.amortiguadoresdeauto.com\/index.php\/amortiguadores-ohlins\/","title":{"rendered":"Amortiguadores \u00d6hlins, Un Pilar en su Clase"},"content":{"rendered":"\n<p>Los amortiguadores \u00d6hlins cuentan con la \u00faltima tecnolog\u00eda de carreras, con mayor comodidad para mejorar el uso diario de camino al trabajo, con configuraciones f\u00e1cil de cambiar al modo carrera.<\/p>\n\n\n\n<p>La marca fue fundada por Kenth \u00d6hlin en el 1976, centr\u00e1ndose en productos para motocicletas ganadoras de campeonatos en competencias mundiales.<\/p>\n\n\n\n<p>En el aspecto del negocio, \u00d6hlins creci\u00f3 velozmente hasta llegar a asociarse con empresas camo Yamaha y posteriormente con Tenneco.<\/p>\n\n\n\n<p>En el aspecto automotriz evolucion\u00f3 en su tecnolog\u00eda, llevando la marca a los niveles m\u00e1s altos en el campo de la amortiguaci\u00f3n para carros convencionales, carros de carreras y camionetas. Los amortiguadores Ohlins se encuentran presente en m\u00e1s de 50 pa\u00edses distribuidores. M\u00e1s de 200 t\u00edtulos mundiales y otros campeonatos importantes son la prueba definitiva que las suspensiones \u00d6hlins ofrecen unas prestaciones excepcionales<\/p>\n\n\n\n<p>A continuaci\u00f3n hablaremos de los amortiguadores \u00d6hlins deportivos o racing.<\/p>\n\n\n\n<p><\/p>\n\n\n\n<h2 class=\"wp-block-heading\"><strong>Automotive TTX Flow<\/strong><\/h2>\n\n\n\n<p>Con la tecnolog\u00eda TTX y la regulaci\u00f3n de presi\u00f3n interna, este amortiguador cuenta con un redise\u00f1ado sistema de &#8220;v\u00e1lvula de retenci\u00f3n&#8221; para equilibrar las aberturas amplias de las v\u00e1lvulas y las acciones r\u00e1pidas de apertura \/ cierre para manejar un gran volumen de flujo de aceite. El pist\u00f3n es de 46 mm y cuenta con PDS (sistema de amortiguaci\u00f3n progresiva).<\/p>\n\n\n\n<p>El Automotive TTX Flow brinda al autom\u00f3vil una tracci\u00f3n, comodidad y previsibilidad mejorada, lo que mejora la estabilidad del autom\u00f3vil. Tambi\u00e9n es f\u00e1cil de ajustar para encontrar el escenario perfecto para el estilo de conducci\u00f3n. El modelo base viene equipado con un ajustador de amortiguaci\u00f3n general en el eje y un ajustador de compresi\u00f3n de baja velocidad en la culata.<\/p>\n\n\n\n<p>El amortiguador tiene una base modular para brindar al usuario la posibilidad de actualizarlo con complementos como:<\/p>\n\n\n\n<ul><li>DRC \/ DDC, que a\u00f1ade control din\u00e1mico de rebote \/ compresi\u00f3n, permite al usuario agregar control del cuerpo sin perder tracci\u00f3n<\/li><li>Ajustador de compresi\u00f3n bidireccional; agrega capacidad de ajuste de alta velocidad al ajustador de compresi\u00f3n<\/li><li>V\u00e1lvula de retenci\u00f3n de purga de rebote; separe el ajustador de amortiguaci\u00f3n para afectar solo a la curva de rebote<\/li><\/ul>\n\n\n\n<p><\/p>\n\n\n\n<h2 class=\"wp-block-heading\"><strong>TTX 36 Inline \/ TTX 36 Piggyback<\/strong><\/h2>\n\n\n\n<p>El TTX 36 es una opci\u00f3n popular, especialmente para autos GT y prototipos, as\u00ed como en aplicaciones de monoplazas. Esta versi\u00f3n con dep\u00f3sito en l\u00ednea es especialmente adecuada para autom\u00f3viles donde el tama\u00f1o y el ajuste son un problema. El amortiguador tiene un dep\u00f3sito en l\u00ednea con flujo de aceite interno mejorado y es del tipo de varilla no pasante. <\/p>\n\n\n\n<p>La configuraci\u00f3n lista para usar se ajusta en 2 direcciones; Compresi\u00f3n unidireccional y rebote unidireccional, pero es f\u00e1cil de actualizar para ajustarlo en 3 o incluso en 4 direcciones.<\/p>\n\n\n\n<p>La gran ventaja con el amortiguador es el dep\u00f3sito integral que lo hace muy compacto y f\u00e1cil de empaquetar y adem\u00e1s es posible utilizarlo en aplicaciones que no permiten dep\u00f3sitos externos. Tambi\u00e9n est\u00e1 disponible un programa de c\u00e1lculo de longitud. Este programa lo guiar\u00e1 a trav\u00e9s de la &#8220;construcci\u00f3n&#8221; del amortiguador y muestra todas las piezas necesarias para construir un amortiguador completo para su necesidad espec\u00edfica.<br>Adecuado para monoplazas y carreras hist\u00f3ricas y veh\u00edculos donde no se permiten o se pueden instalar dep\u00f3sitos externos.<\/p>\n\n\n\n<p>El TTX 36 tambi\u00e9n est\u00e1 disponible en una versi\u00f3n piggyback con un dep\u00f3sito externo. A\u00fan con un dise\u00f1o compacto y liviano, este amortiguador de carreras vers\u00e1til es ajustable en 2 direcciones que se puede actualizar a 3 y 4 posiciones. Es uno de los amortiguadores m\u00e1s vers\u00e1tiles y se utiliza para muchas aplicaciones diferentes, desde monoplazas y coches GT hasta turismos, deportivos y prototipos.<\/p>\n\n\n\n<p><\/p>\n\n\n\n<h2 class=\"wp-block-heading\"><strong>Amortiguadores \u00d6hlins ILX-Series<\/strong><\/h2>\n\n\n\n<p>Este es un kit que incluye el amortiguador TTX36 con dep\u00f3sito en l\u00ednea.<br>El TTX 36 Inline ofrece un dise\u00f1o compacto con un dep\u00f3sito en l\u00ednea que lo hace adecuado para carreras ovaladas de asfalto, como la serie NASCAR.<\/p>\n\n\n\n<p><strong>Las caracter\u00edsticas y beneficios principales del ILX-Series son:<\/strong><\/p>\n\n\n\n<ul><li>Dep\u00f3sito integrado<\/li><li>Ajuste bidireccional, compresi\u00f3n y rebote<\/li><li>Posible actualizar a ajustable de 3 y 4 v\u00edas<\/li><li>Dise\u00f1o compacto<\/li><li>Varias longitudes disponibles<\/li><\/ul>\n\n\n\n<p><\/p>\n\n\n\n<h2 class=\"wp-block-heading\"><strong>ORQ 16\/46<\/strong><\/h2>\n\n\n\n<p>Los amortiguadores Ohlins ORQ 16\/46 ha sido un \u00e9xito en todo tipo de eventos de Rally Raid. El amortiguador tiene una manguera giratoria, para aumentar el potencial de flujo y facilitar el montaje en el veh\u00edculo.<\/p>\n\n\n\n<p>La gama de amortiguadores ORQ est\u00e1 dise\u00f1ada pensando en los veh\u00edculos todoterreno y de rally, as\u00ed como en veh\u00edculos similares.<\/p>\n\n\n\n<p>Estos amortiguadores est\u00e1n disponibles en tres longitudes diferentes. Los amortiguadores son del tipo pist\u00f3n de 46 mm con dep\u00f3sitos remotos. Disponen de reguladores de compresi\u00f3n y rebote junto con el Progressive Damping System, PDS. El amortiguador viene con una funda protectora y dos anillos el\u00e1sticos para ayudar a prevenir el desgaste del resorte. Los resortes, las plataformas de resortes y los espaciadores para los cojinetes esf\u00e9ricos deben pedirse por separado.<\/p>\n\n\n\n<p>\u00d6hlins tambi\u00e9n tiene una gama de resortes para adaptarse a diferentes tipos de uso.<\/p>\n\n\n\n<p><\/p>\n\n\n\n<h2 class=\"wp-block-heading\"><strong>TTX 30<\/strong><\/h2>\n\n\n\n<p>La exitosa tecnolog\u00eda TTX tambi\u00e9n est\u00e1 disponible como una versi\u00f3n m\u00e1s peque\u00f1a, TTX 30. Gracias al di\u00e1metro y al dise\u00f1o m\u00e1s peque\u00f1os para las fuerzas de amortiguaci\u00f3n, este producto es una opci\u00f3n perfecta para diversas aplicaciones de deportes de motor. Puede usarse para veh\u00edculos m\u00e1s peque\u00f1os con espacio de instalaci\u00f3n limitado.<\/p>\n\n\n\n<p>Las caracter\u00edsticas y beneficios principales del TTX 30 son:<\/p>\n\n\n\n<ul><li>Pist\u00f3n de 30 mm<\/li><li>Amortiguaci\u00f3n de compresi\u00f3n y rebote ajustada por separado<\/li><li>Capacidad total de mantenimiento y servicio<\/li><li>Varios accesorios de instalaci\u00f3n de resortes disponibles<\/li><li>Varias opciones de resortes disponibles<\/li><\/ul>\n\n\n\n<p><\/p>\n\n\n\n<h2 class=\"wp-block-heading\"><strong>Amortiguadores Ohlins WCJ<\/strong><\/h2>\n\n\n\n<p>Este amortiguador de autom\u00f3vil de alto rendimiento y peso ligero est\u00e1 dise\u00f1ado para usarse en la serie ovalada Asphal en cualquier cosa que abarque desde la serie m\u00e1s alta de NASCAR hasta el \u00faltimo modelo. Se presenta como un ganador regular en NASCAR.<\/p>\n\n\n\n<p><strong>Las caracter\u00edsticas y beneficios principales del WCJ son los siguientes:<\/strong><\/p>\n\n\n\n<ul><li>Cuerpo de aluminio ligero<\/li><li>Gran dep\u00f3sito para mejorar la refrigeraci\u00f3n<\/li><li>Respuesta r\u00e1pida para un mejor manejo<\/li><li>Consistente en carreras largas<\/li><li>F\u00e1cil de marcar, reajustar, reconstruir y reparar<\/li><li>Combinaciones infinitas de v\u00e1lvulas y pistones<\/li><li>Las opciones incluyen una variedad de pistones diferentes, chorros de eje unidireccionales, v\u00e1lvula de compresi\u00f3n paralela y v\u00e1lvula de base<\/li><\/ul>\n\n\n\n<h2 class=\"wp-block-heading\"><strong>M\u00e1s Amortiguadores \u00d6hlins<\/strong><\/h2>\n\n\n\n<p>Adem\u00e1s de estos amortiguadores deportivos enfocados en las carreras, la marca \u00d6hlins nos ofrece diferentes l\u00edneas de amortiguadores.<\/p>\n\n\n\n<p>La l\u00ednea Adventure que va dirigida a camionetas ligeras de la marca Suzuki y Mercedes-Benz.<\/p>\n\n\n\n<p>La l\u00ednea Advanced Trackday ofrece productos deportivos y racing espec\u00edficamente para veh\u00edculos Audi R8, BMW (M2, M3, M4 y M4 GTS), Lamborghini Hurac\u00e1n y Hurac\u00e1n Performante y veh\u00edculos Porsche (Cayman GT4, GT3 y GT3 RS).<\/p>\n\n\n\n<p>Adem\u00e1s cuenta con su l\u00ednea de amortiguadores para veh\u00edculos normales que incluye muchas de las marcas de carros populares.<\/p>\n\n\n\n<p><\/p>\n\n\n\n<h2 class=\"wp-block-heading\"><strong>Conclusi\u00f3n<\/strong><\/h2>\n\n\n\n<p>Definitivamente la marca \u00d6hlins es una de las marcas l\u00edderes para amortiguadores deportivos en el mundo.<\/p>\n\n\n\n<p>Disfruta de un gran prestigio y presencia dentro de las carreras de campeonatos mundiales. As\u00ed que si te interesa el mundo de las competencias a gran velocidad, ya sabes que los amortiguadores \u00d6hlins son una pieza excelente para este tipo de veh\u00edculos.<\/p>\n","protected":false},"excerpt":{"rendered":"<p>Los amortiguadores &Ouml;hlins cuentan con la &uacute;ltima tecnolog&iacute;a de carreras, con mayor comodidad para mejorar el uso diario de camino al trabajo, con configuraciones f&aacute;cil de cambiar al modo carrera. La marca fue fundada por Kenth &Ouml;hlin en el 1976, centr&aacute;ndose en productos para motocicletas ganadoras de campeonatos en competencias mundiales. En el aspecto del &#8230; <a title=\"Amortiguadores \u00d6hlins, Un Pilar en su Clase\" class=\"read-more\" href=\"https:\/\/www.amortiguadoresdeauto.com\/index.php\/amortiguadores-ohlins\/\">Leer m\u00e1s<\/a><\/p>\n","protected":false},"author":1,"featured_media":277,"parent":0,"menu_order":0,"comment_status":"closed","ping_status":"closed","template":"","meta":{"footnotes":""},"uagb_featured_image_src":{"full":["https:\/\/www.amortiguadoresdeauto.com\/wp-content\/uploads\/2021\/01\/Amortiguadores-\u00d6hlins.jpg",395,496,false],"thumbnail":["https:\/\/www.amortiguadoresdeauto.com\/wp-content\/uploads\/2021\/01\/Amortiguadores-\u00d6hlins-150x150.jpg",150,150,true],"medium":["https:\/\/www.amortiguadoresdeauto.com\/wp-content\/uploads\/2021\/01\/Amortiguadores-\u00d6hlins-239x300.jpg",239,300,true],"medium_large":["https:\/\/www.amortiguadoresdeauto.com\/wp-content\/uploads\/2021\/01\/Amortiguadores-\u00d6hlins.jpg",395,496,false],"large":["https:\/\/www.amortiguadoresdeauto.com\/wp-content\/uploads\/2021\/01\/Amortiguadores-\u00d6hlins.jpg",395,496,false],"1536x1536":["https:\/\/www.amortiguadoresdeauto.com\/wp-content\/uploads\/2021\/01\/Amortiguadores-\u00d6hlins.jpg",395,496,false],"2048x2048":["https:\/\/www.amortiguadoresdeauto.com\/wp-content\/uploads\/2021\/01\/Amortiguadores-\u00d6hlins.jpg",395,496,false]},"uagb_author_info":{"display_name":"admin","author_link":"https:\/\/www.amortiguadoresdeauto.com\/index.php\/author\/admin\/"},"uagb_comment_info":0,"uagb_excerpt":"Los amortiguadores &Ouml;hlins cuentan con la &uacute;ltima tecnolog&iacute;a de carreras, con mayor comodidad para mejorar el uso diario de camino al trabajo, con configuraciones f&aacute;cil de cambiar al modo carrera. La marca fue fundada por Kenth &Ouml;hlin en el 1976, centr&aacute;ndose en productos para motocicletas ganadoras de campeonatos en competencias mundiales. En el aspecto del&hellip;","yoast_head":"<!-- This site is optimized with the Yoast SEO plugin v14.7 - https:\/\/yoast.com\/wordpress\/plugins\/seo\/ -->\n<title>Amortiguadores \u00d6hlins, Un Pilar en su Clase - Amortiguadores<\/title>\n<meta name=\"description\" content=\"Los amortiguadores \u00d6hlins son un pilar en el mundo de las carreras de carros. Descubre todos sus productos deportivos y su trayectoria.\" \/>\n<meta name=\"robots\" content=\"index, follow\" \/>\n<meta name=\"googlebot\" content=\"index, follow, max-snippet:-1, max-image-preview:large, max-video-preview:-1\" \/>\n<meta name=\"bingbot\" content=\"index, follow, max-snippet:-1, max-image-preview:large, max-video-preview:-1\" \/>\n<link rel=\"canonical\" href=\"https:\/\/www.amortiguadoresdeauto.com\/index.php\/amortiguadores-ohlins\/\" \/>\n<meta property=\"og:locale\" content=\"es_ES\" \/>\n<meta property=\"og:type\" content=\"article\" \/>\n<meta property=\"og:title\" content=\"Amortiguadores \u00d6hlins, Un Pilar en su Clase - Amortiguadores\" \/>\n<meta property=\"og:description\" content=\"Los amortiguadores \u00d6hlins son un pilar en el mundo de las carreras de carros. Descubre todos sus productos deportivos y su trayectoria.\" \/>\n<meta property=\"og:url\" content=\"https:\/\/www.amortiguadoresdeauto.com\/index.php\/amortiguadores-ohlins\/\" \/>\n<meta property=\"og:site_name\" content=\"Amortiguadores\" \/>\n<meta property=\"article:modified_time\" content=\"2021-05-09T21:23:55+00:00\" \/>\n<meta property=\"og:image\" content=\"https:\/\/www.amortiguadoresdeauto.com\/wp-content\/uploads\/2021\/01\/Amortiguadores-\u00d6hlins.jpg\" \/>\n\t<meta property=\"og:image:width\" content=\"395\" \/>\n\t<meta property=\"og:image:height\" content=\"496\" \/>\n<meta name=\"twitter:card\" content=\"summary_large_image\" \/>\n<script type=\"application\/ld+json\" class=\"yoast-schema-graph\">{\"@context\":\"https:\/\/schema.org\",\"@graph\":[{\"@type\":\"WebSite\",\"@id\":\"https:\/\/www.amortiguadoresdeauto.com\/#website\",\"url\":\"https:\/\/www.amortiguadoresdeauto.com\/\",\"name\":\"Amortiguadores\",\"description\":\"De Auto\",\"potentialAction\":[{\"@type\":\"SearchAction\",\"target\":\"https:\/\/www.amortiguadoresdeauto.com\/?s={search_term_string}\",\"query-input\":\"required name=search_term_string\"}],\"inLanguage\":\"es\"},{\"@type\":\"ImageObject\",\"@id\":\"https:\/\/www.amortiguadoresdeauto.com\/index.php\/amortiguadores-ohlins\/#primaryimage\",\"inLanguage\":\"es\",\"url\":\"https:\/\/www.amortiguadoresdeauto.com\/wp-content\/uploads\/2021\/01\/Amortiguadores-\\u00d6hlins.jpg\",\"width\":395,\"height\":496,\"caption\":\"Amortiguadores \\u00d6hlins\"},{\"@type\":\"WebPage\",\"@id\":\"https:\/\/www.amortiguadoresdeauto.com\/index.php\/amortiguadores-ohlins\/#webpage\",\"url\":\"https:\/\/www.amortiguadoresdeauto.com\/index.php\/amortiguadores-ohlins\/\",\"name\":\"Amortiguadores \\u00d6hlins, Un Pilar en su Clase - Amortiguadores\",\"isPartOf\":{\"@id\":\"https:\/\/www.amortiguadoresdeauto.com\/#website\"},\"primaryImageOfPage\":{\"@id\":\"https:\/\/www.amortiguadoresdeauto.com\/index.php\/amortiguadores-ohlins\/#primaryimage\"},\"datePublished\":\"2021-01-25T00:41:48+00:00\",\"dateModified\":\"2021-05-09T21:23:55+00:00\",\"description\":\"Los amortiguadores \\u00d6hlins son un pilar en el mundo de las carreras de carros. Descubre todos sus productos deportivos y su trayectoria.\",\"inLanguage\":\"es\",\"potentialAction\":[{\"@type\":\"ReadAction\",\"target\":[\"https:\/\/www.amortiguadoresdeauto.com\/index.php\/amortiguadores-ohlins\/\"]}]}]}<\/script>\n<!-- \/ Yoast SEO plugin. -->","_links":{"self":[{"href":"https:\/\/www.amortiguadoresdeauto.com\/index.php\/wp-json\/wp\/v2\/pages\/276"}],"collection":[{"href":"https:\/\/www.amortiguadoresdeauto.com\/index.php\/wp-json\/wp\/v2\/pages"}],"about":[{"href":"https:\/\/www.amortiguadoresdeauto.com\/index.php\/wp-json\/wp\/v2\/types\/page"}],"author":[{"embeddable":true,"href":"https:\/\/www.amortiguadoresdeauto.com\/index.php\/wp-json\/wp\/v2\/users\/1"}],"replies":[{"embeddable":true,"href":"https:\/\/www.amortiguadoresdeauto.com\/index.php\/wp-json\/wp\/v2\/comments?post=276"}],"version-history":[{"count":4,"href":"https:\/\/www.amortiguadoresdeauto.com\/index.php\/wp-json\/wp\/v2\/pages\/276\/revisions"}],"predecessor-version":[{"id":363,"href":"https:\/\/www.amortiguadoresdeauto.com\/index.php\/wp-json\/wp\/v2\/pages\/276\/revisions\/363"}],"wp:featuredmedia":[{"embeddable":true,"href":"https:\/\/www.amortiguadoresdeauto.com\/index.php\/wp-json\/wp\/v2\/media\/277"}],"wp:attachment":[{"href":"https:\/\/www.amortiguadoresdeauto.com\/index.php\/wp-json\/wp\/v2\/media?parent=276"}],"curies":[{"name":"wp","href":"https:\/\/api.w.org\/{rel}","templated":true}]}}