{"id":811,"date":"2022-04-22T11:24:16","date_gmt":"2022-04-22T11:24:16","guid":{"rendered":"https:\/\/www.amortiguadoresdeauto.com\/?page_id=811"},"modified":"2022-04-23T18:30:51","modified_gmt":"2022-04-23T18:30:51","slug":"amortiguadores-sadar","status":"publish","type":"page","link":"https:\/\/www.amortiguadoresdeauto.com\/index.php\/amortiguadores-sadar\/","title":{"rendered":"Amortiguadores Sadar con 60 a\u00f1os de Experiencia y Evoluci\u00f3n"},"content":{"rendered":"\n<p>En este art\u00edculo, vamos a echar un vistazo a los amortiguadores Sadar, una marca argentina que ofrece amortiguadores para todo tipo de veh\u00edculos.<\/p>\n\n\n\n<p>Hablaremos de su historia, as\u00ed como tambi\u00e9n los diferentes modelos de amortiguadores que ofrecen, su calidad, los precios, y adem\u00e1s te damos nuestra opini\u00f3n.<\/p>\n\n\n\n<p>Esta informaci\u00f3n te servir\u00e1 de gran referencia y si en tu pa\u00eds est\u00e1n disponibles estos amortiguadores, ya sabr\u00e1s que tienes esta opci\u00f3n a la hora de comprar unos nuevos. <\/p>\n\n\n\n<p><\/p>\n\n\n\n<h2 class=\"wp-block-heading\"><strong>Historia de la marca Sadar<\/strong><\/h2>\n\n\n\n<p>Sadar es una marca Argentina con 60 a\u00f1os de existencia. Su alcance es a nivel internacional, con ventas en m\u00e1s de 12 pa\u00edses.<\/p>\n\n\n\n<p>La marca ofrece productos tanto para equipos livianos, pesados y pickups, pero ha sido en la calidad de sus productos para veh\u00edculos livianos, donde se han destacado en las \u00faltimas d\u00e9cadas.<\/p>\n\n\n\n<p>Con su tecnologia y estandares de calidad, han logrado posicionarse y mantenerse como un buen referente dentro de la industria automotriz.<\/p>\n\n\n\n<p><\/p>\n\n\n\n<h2 class=\"wp-block-heading\"><strong>Modelos de Amortiguadores Sadar<\/strong><\/h2>\n\n\n\n<p>Sadar ofrece un producto para cada necesidad. Su&nbsp;gama de productos abarca desde veh\u00edculos livianos, de turismo, deportivos,&nbsp;pick up, hasta amortiguadores para camiones y \u00f3mnibus.<\/p>\n\n\n\n<h2 class=\"wp-block-heading\"><\/h2>\n\n\n\n<h3 class=\"wp-block-heading\"><strong>Original Performance<\/strong><\/h3>\n\n\n\n<p>Los amortiguadores para autom\u00f3viles Original Performance de Sadar son una excelente opci\u00f3n para mejorar el rendimiento y la seguridad en carretera.<\/p>\n\n\n\n<p>Est\u00e1n dise\u00f1ados para absorber las irregularidades del camino, reduciendo as\u00ed el cansancio del conductor y mejorando el confort al circular.<\/p>\n\n\n\n<p>Son amortiguadores de buena calidad, fabricados con componentes de alto nivel para una larga vida \u00fatil.<\/p>\n\n\n\n<p>Si est\u00e1s buscando amortiguadores que te ofrezcan una gran relaci\u00f3n calidad-precio, los amortiguadores Original Performance de Sadar son una opci\u00f3n.<\/p>\n\n\n\n<h2 class=\"wp-block-heading\"><\/h2>\n\n\n\n<h3 class=\"wp-block-heading\"><strong>Performance Deportivo (Sport)<\/strong><\/h3>\n\n\n\n<p>Los amortiguadores Sport de Sadar est\u00e1n dise\u00f1ados para mejorar el rendimiento y la seguridad en carretera, as\u00ed como tambi\u00e9n para ofrecer una mayor estabilidad al veh\u00edculo en curvas y frenadas bruscas.<\/p>\n\n\n\n<p>Dise\u00f1ados para veh\u00edculos que reemplazaron sus resortes originales por resortes m\u00e1s cortos o Tunning Springs.<\/p>\n\n\n\n<h2 class=\"wp-block-heading\"><\/h2>\n\n\n\n<h3 class=\"wp-block-heading\"><strong>Sadar Reforzados<\/strong><\/h3>\n\n\n\n<p>Este modelo es ideal para autom\u00f3viles con altas expectativas como pick-up, utilitarios y 4\u00d74. Poseen una mayor capacidad de trabajo y ofrecen un mejor rendimiento por m\u00e1s tiempo.<\/p>\n\n\n\n<p><\/p>\n\n\n\n<h3 class=\"wp-block-heading\"><strong>Pesados y Superpesados<\/strong><\/h3>\n\n\n\n<p>Est\u00e1n dise\u00f1ados para camiones y \u00f3mnibus de corta, a media y larga distancia. Le brindan a la suspensi\u00f3n una mayor durabilidad, brindando m\u00e1xima seguridad y menor costo operativo para el transportista.<\/p>\n\n\n\n<p><\/p>\n\n\n\n<h2 class=\"wp-block-heading\"><strong>Catalogo de Amortiguadores Sadar<\/strong><\/h2>\n\n\n\n<p>Sadar nos ofrece Amortiguadores para una gran variedad de marcas de auto como: BMW, Audi, Chevrolet, Ford, Subaru y muchas m\u00e1s.<\/p>\n\n\n\n<p>Aqu\u00ed puedes ver el <a href=\"https:\/\/autopartesweb.s3-sa-east-1.amazonaws.com\/catalogos\/corven\/Catalogo+Amortiguadores_2020_250620_SMALL-compressed.pdf\">cat\u00e1logo completo<\/a> de Amortiguadores Sadar.<\/p>\n\n\n\n<p><\/p>\n\n\n\n<h2 class=\"wp-block-heading\"><strong>Ver precio y Comprar Amortiguadores Sadar<\/strong><\/h2>\n\n\n\n<p>A continuaci\u00f3n podr\u00e1s ver los precios de diferentes amortiguadores de la marca, los que cu\u00e1les se venden muchas veces en conjuntos de 4, seg\u00fan el modelo de tu veh\u00edculo y a precios  asequibles. <\/p>\n\n\n\n<p>Como hemos mencionado, est\u00e1n disponibles en sobre 12 pa\u00edses, as\u00ed que si eres afortunado de tenerlos en el tuyo, puedes comprarlo. Tambi\u00e9n los puedes conseguir en l\u00ednea, para que te lleguen directo a tu hogar.<\/p>\n\n\n\n<div class=\"wp-block-uagb-info-box uagb-infobox__outer-wrap uagb-block-10047d43\"><div class=\"uagb-infobox__content-wrap uagb-infobox uagb-infobox-has-image uagb-infobox-icon-above-title uagb-infobox-image-valign-top uagb-infobox-enable-border-radius \"><div class=\"uagb-ifb-left-right-wrap\"><div class=\"uagb-ifb-content\"><div class=\"uagb-ifb-image-icon-content uagb-ifb-imgicon-wrap\"><div class=\"uagb-ifb-image\"><div class=\"uagb-ifb-image-content\"><img decoding=\"async\" class=\"uagb-ifb-img-src\" src=\"https:\/\/www.amortiguadoresdeauto.com\/wp-content\/uploads\/2022\/04\/Amortiguadores-Sadar.png\" alt=\"Amortiguadores Sadar\"\/><\/div><\/div><\/div><div class=\"uagb-ifb-title-wrap\"><\/div><div class=\"uagb-ifb-separator-parent\"><div class=\"uagb-ifb-separator\"><\/div><\/div><div class=\"uagb-ifb-text-wrap\"><div class=\"uagb-ifb-cta uagb-infobox-cta-link-style\"><div class=\"uagb-ifb-button-wrapper\"><a href=\"https:\/\/listado.mercadolibre.com.ar\/amortiguadores-sadar\" class=\"uagb-infobox-cta-link uagb-ifb-cta-button\" target=\"_blank\" rel=\"noopener noreferrer\"><span class=\"uagb-ifb-cta-content-wrapper\"><span class=\"uagb-inline-editing \">Ver precio en Mercado Libre<\/span><\/span><\/a><\/div><\/div><\/div><\/div><\/div><\/div><\/div>\n\n\n\n<p><\/p>\n\n\n\n<h2 class=\"wp-block-heading\"><strong>Opiniones acerca de los Amortiguadores Sadar<\/strong><\/h2>\n\n\n\n<p>Las opiniones acerca de estos amortiguadores son bastante positivas.<\/p>\n\n\n\n<p>Muchos usuarios est\u00e1n satisfechos con la relaci\u00f3n de calidad y el precio de estos, as\u00ed como tambi\u00e9n con su durabilidad.<\/p>\n\n\n\n<p>Algunos usuarios se\u00f1alan que son un poco ruidosos al circular, pero esto no es un problema mayor para la mayor\u00eda de la gente.<\/p>\n\n\n\n<p>En general, hay una buena opini\u00f3n acerca de los amortiguadores Sadar, y es por esto que se han mantenido como una buena opci\u00f3n en el mercado de amortiguadores durante tanto tiempo.<\/p>\n\n\n\n<p>Ciertamente, no son amortiguadores de la categor\u00eda Elite, como lo son los amortiguadores Monroe o Boge, pero si son una soluci\u00f3n un poco m\u00e1s econ\u00f3mica y con buena calidad.<\/p>\n","protected":false},"excerpt":{"rendered":"<p>En este art&iacute;culo, vamos a echar un vistazo a los amortiguadores Sadar, una marca argentina que ofrece amortiguadores para todo tipo de veh&iacute;culos. Hablaremos de su historia, as&iacute; como tambi&eacute;n los diferentes modelos de amortiguadores que ofrecen, su calidad, los precios, y adem&aacute;s te damos nuestra opini&oacute;n. Esta informaci&oacute;n te servir&aacute; de gran referencia y &#8230; <a title=\"Amortiguadores Sadar con 60 a\u00f1os de Experiencia y Evoluci\u00f3n\" class=\"read-more\" href=\"https:\/\/www.amortiguadoresdeauto.com\/index.php\/amortiguadores-sadar\/\">Leer m\u00e1s<\/a><\/p>\n","protected":false},"author":1,"featured_media":813,"parent":0,"menu_order":0,"comment_status":"closed","ping_status":"closed","template":"","meta":{"footnotes":""},"uagb_featured_image_src":{"full":["https:\/\/www.amortiguadoresdeauto.com\/wp-content\/uploads\/2022\/04\/Amortiguadores-Sadar-01.png",473,366,false],"thumbnail":["https:\/\/www.amortiguadoresdeauto.com\/wp-content\/uploads\/2022\/04\/Amortiguadores-Sadar-01-150x150.png",150,150,true],"medium":["https:\/\/www.amortiguadoresdeauto.com\/wp-content\/uploads\/2022\/04\/Amortiguadores-Sadar-01-300x232.png",300,232,true],"medium_large":["https:\/\/www.amortiguadoresdeauto.com\/wp-content\/uploads\/2022\/04\/Amortiguadores-Sadar-01.png",473,366,false],"large":["https:\/\/www.amortiguadoresdeauto.com\/wp-content\/uploads\/2022\/04\/Amortiguadores-Sadar-01.png",473,366,false],"1536x1536":["https:\/\/www.amortiguadoresdeauto.com\/wp-content\/uploads\/2022\/04\/Amortiguadores-Sadar-01.png",473,366,false],"2048x2048":["https:\/\/www.amortiguadoresdeauto.com\/wp-content\/uploads\/2022\/04\/Amortiguadores-Sadar-01.png",473,366,false]},"uagb_author_info":{"display_name":"admin","author_link":"https:\/\/www.amortiguadoresdeauto.com\/index.php\/author\/admin\/"},"uagb_comment_info":0,"uagb_excerpt":"En este art&iacute;culo, vamos a echar un vistazo a los amortiguadores Sadar, una marca argentina que ofrece amortiguadores para todo tipo de veh&iacute;culos. Hablaremos de su historia, as&iacute; como tambi&eacute;n los diferentes modelos de amortiguadores que ofrecen, su calidad, los precios, y adem&aacute;s te damos nuestra opini&oacute;n. Esta informaci&oacute;n te servir&aacute; de gran referencia y&hellip;","yoast_head":"<!-- This site is optimized with the Yoast SEO plugin v14.7 - https:\/\/yoast.com\/wordpress\/plugins\/seo\/ -->\n<title>Amortiguadores Sadar con 60 a\u00f1os de Experiencia y Evoluci\u00f3n<\/title>\n<meta name=\"description\" content=\"Los Amortiguadores Sadar son una gran opcion para cualquier veh\u00edculo. Aqu\u00ed conocer\u00e1s su historia, modelos, precios y opiniones.\" \/>\n<meta name=\"robots\" content=\"index, follow\" \/>\n<meta name=\"googlebot\" content=\"index, follow, max-snippet:-1, max-image-preview:large, max-video-preview:-1\" \/>\n<meta name=\"bingbot\" content=\"index, follow, max-snippet:-1, max-image-preview:large, max-video-preview:-1\" \/>\n<link rel=\"canonical\" href=\"https:\/\/www.amortiguadoresdeauto.com\/index.php\/amortiguadores-sadar\/\" \/>\n<meta property=\"og:locale\" content=\"es_ES\" \/>\n<meta property=\"og:type\" content=\"article\" \/>\n<meta property=\"og:title\" content=\"Amortiguadores Sadar con 60 a\u00f1os de Experiencia y Evoluci\u00f3n\" \/>\n<meta property=\"og:description\" content=\"Los Amortiguadores Sadar son una gran opcion para cualquier veh\u00edculo. Aqu\u00ed conocer\u00e1s su historia, modelos, precios y opiniones.\" \/>\n<meta property=\"og:url\" content=\"https:\/\/www.amortiguadoresdeauto.com\/index.php\/amortiguadores-sadar\/\" \/>\n<meta property=\"og:site_name\" content=\"Amortiguadores\" \/>\n<meta property=\"article:modified_time\" content=\"2022-04-23T18:30:51+00:00\" \/>\n<meta property=\"og:image\" content=\"https:\/\/www.amortiguadoresdeauto.com\/wp-content\/uploads\/2022\/04\/Amortiguadores-Sadar-01.png\" \/>\n\t<meta property=\"og:image:width\" content=\"473\" \/>\n\t<meta property=\"og:image:height\" content=\"366\" \/>\n<meta name=\"twitter:card\" content=\"summary_large_image\" \/>\n<script type=\"application\/ld+json\" class=\"yoast-schema-graph\">{\"@context\":\"https:\/\/schema.org\",\"@graph\":[{\"@type\":\"WebSite\",\"@id\":\"https:\/\/www.amortiguadoresdeauto.com\/#website\",\"url\":\"https:\/\/www.amortiguadoresdeauto.com\/\",\"name\":\"Amortiguadores\",\"description\":\"De Auto\",\"potentialAction\":[{\"@type\":\"SearchAction\",\"target\":\"https:\/\/www.amortiguadoresdeauto.com\/?s={search_term_string}\",\"query-input\":\"required name=search_term_string\"}],\"inLanguage\":\"es\"},{\"@type\":\"ImageObject\",\"@id\":\"https:\/\/www.amortiguadoresdeauto.com\/index.php\/amortiguadores-sadar\/#primaryimage\",\"inLanguage\":\"es\",\"url\":\"https:\/\/www.amortiguadoresdeauto.com\/wp-content\/uploads\/2022\/04\/Amortiguadores-Sadar-01.png\",\"width\":473,\"height\":366,\"caption\":\"Amortiguadores Sadar 01\"},{\"@type\":\"WebPage\",\"@id\":\"https:\/\/www.amortiguadoresdeauto.com\/index.php\/amortiguadores-sadar\/#webpage\",\"url\":\"https:\/\/www.amortiguadoresdeauto.com\/index.php\/amortiguadores-sadar\/\",\"name\":\"Amortiguadores Sadar con 60 a\\u00f1os de Experiencia y Evoluci\\u00f3n\",\"isPartOf\":{\"@id\":\"https:\/\/www.amortiguadoresdeauto.com\/#website\"},\"primaryImageOfPage\":{\"@id\":\"https:\/\/www.amortiguadoresdeauto.com\/index.php\/amortiguadores-sadar\/#primaryimage\"},\"datePublished\":\"2022-04-22T11:24:16+00:00\",\"dateModified\":\"2022-04-23T18:30:51+00:00\",\"description\":\"Los Amortiguadores Sadar son una gran opcion para cualquier veh\\u00edculo. Aqu\\u00ed conocer\\u00e1s su historia, modelos, precios y opiniones.\",\"inLanguage\":\"es\",\"potentialAction\":[{\"@type\":\"ReadAction\",\"target\":[\"https:\/\/www.amortiguadoresdeauto.com\/index.php\/amortiguadores-sadar\/\"]}]}]}<\/script>\n<!-- \/ Yoast SEO plugin. -->","_links":{"self":[{"href":"https:\/\/www.amortiguadoresdeauto.com\/index.php\/wp-json\/wp\/v2\/pages\/811"}],"collection":[{"href":"https:\/\/www.amortiguadoresdeauto.com\/index.php\/wp-json\/wp\/v2\/pages"}],"about":[{"href":"https:\/\/www.amortiguadoresdeauto.com\/index.php\/wp-json\/wp\/v2\/types\/page"}],"author":[{"embeddable":true,"href":"https:\/\/www.amortiguadoresdeauto.com\/index.php\/wp-json\/wp\/v2\/users\/1"}],"replies":[{"embeddable":true,"href":"https:\/\/www.amortiguadoresdeauto.com\/index.php\/wp-json\/wp\/v2\/comments?post=811"}],"version-history":[{"count":5,"href":"https:\/\/www.amortiguadoresdeauto.com\/index.php\/wp-json\/wp\/v2\/pages\/811\/revisions"}],"predecessor-version":[{"id":822,"href":"https:\/\/www.amortiguadoresdeauto.com\/index.php\/wp-json\/wp\/v2\/pages\/811\/revisions\/822"}],"wp:featuredmedia":[{"embeddable":true,"href":"https:\/\/www.amortiguadoresdeauto.com\/index.php\/wp-json\/wp\/v2\/media\/813"}],"wp:attachment":[{"href":"https:\/\/www.amortiguadoresdeauto.com\/index.php\/wp-json\/wp\/v2\/media?parent=811"}],"curies":[{"name":"wp","href":"https:\/\/api.w.org\/{rel}","templated":true}]}}