{"id":872,"date":"2022-05-01T05:24:21","date_gmt":"2022-05-01T05:24:21","guid":{"rendered":"https:\/\/www.amortiguadoresdeauto.com\/?page_id=872"},"modified":"2022-05-01T05:28:29","modified_gmt":"2022-05-01T05:28:29","slug":"amortiguadores-grc","status":"publish","type":"page","link":"https:\/\/www.amortiguadoresdeauto.com\/index.php\/amortiguadores-grc\/","title":{"rendered":"Amortiguadores GRC, Gran Variedad y Larga Vida"},"content":{"rendered":"\n<p>Los amortiguadores GRC son una opci\u00f3n popular entre los entusiastas de los autom\u00f3viles y aqu\u00ed te mostraremos porque. La marca ofrece productos para autos, camionetas, camiones ligeros, equipo pesado, equipo industrial y hasta veh\u00edculos para deportes extremos.<\/p>\n\n\n\n<p>GRC amortiguadores cuenta con una gran variedad de modelos, de los cuales te hablaremos a continuaci\u00f3n, tambi\u00e9n hablaremos de su historia y las opiniones acerca de sus productos. <\/p>\n\n\n\n<p><\/p>\n\n\n\n<h2 class=\"wp-block-heading\"><strong>\u00bfQui\u00e9n hace los amortiguadores GRC? Aprende un poco de su Historia<\/strong><\/h2>\n\n\n\n<p>GRC Original es una empresa estadounidense con gran historia, tanto as\u00ed, que se atribuyen la invenci\u00f3n del primer amortiguador, con el tambor de frenado, creado por Claude H. Foster. La empresa tambien tiene mucho que ver con invenci\u00f3n del anortiguador hidraulico, amortiguador ajustable y el amortiguador de aire ajustable.<\/p>\n\n\n\n<p>La marca, tambien conocida como Ride Control, es una muy confiable tanto para equipo original y de repuesto, addmas trabajan amortiguadores para lavadoras industriales y lavados de auto.<\/p>\n\n\n\n<p>Al sol de hoy y tras una constante evoluci\u00f3n en su tecnolog\u00eda, los amortiguadores GRC siguen ocupando una posici\u00f3n dentro de la industria.<\/p>\n\n\n\n<p>La marca cuenta con su empresa matriz que es \u201cThe Original de GRC\u201d, establecida en Estados Unidos y Canad\u00e1, y su GRC M\u00e9xico.<\/p>\n\n\n\n<p><\/p>\n\n\n\n<h2 class=\"wp-block-heading\"><strong>Modelos de Amortiguadores GRC<\/strong><\/h2>\n\n\n\n<p>Como mencionamos anteriormente, esta marca nos ofrece amortiguadores para diferentes tipos de veh\u00edculos, por lo que su cat\u00e1logo de modelos es muy variado. Todos sus amortiguadores tienen una barra de pist\u00f3n con super acabado cromado para inhibir la corrosi\u00f3n y asegurar la lubricaci\u00f3n adecuada del sello. <\/p>\n\n\n\n<p>A continuaci\u00f3n conocer\u00e1s todos los modelos y sus detalles:<\/p>\n\n\n\n<p><\/p>\n\n\n\n<h3 class=\"wp-block-heading\"><strong>MaxControl<\/strong><\/h3>\n\n\n\n<p>Este es un amortiguador monotubo que fue galardonado con el premio del a\u00f1o a la Excelencia en Diferenciaci\u00f3n de Productos Norteamericanos en el 2010 y est\u00e1 dise\u00f1ado para camionetas o SUV.  Estos proporcionan un gran control, comodidad y seguridad en el viaje.<\/p>\n\n\n\n<p><strong>Caracter\u00edsticas:<\/strong><\/p>\n\n\n\n<ul><li>Tiene un di\u00e1metro de pist\u00f3n de 46 mm, dise\u00f1ado para mejorar la calidad de la amortiguaci\u00f3n, mejorar el tiempo de respuesta, aumentar la comodidad y la seguridad.<\/li><li>Su rodamiento gu\u00eda permiten una mayor sensibilidad y respuesta, asegurando que los neum\u00e1ticos permanezcan en contacto con la carretera, maximizando la eficacia y el control de frenado en todo momento.<\/li><li>El dise\u00f1o de un solo tubo y el sellado multicapa ayudan a mantener bajas las temperaturas de la c\u00e1mara y evitan la entrada de residuos de la carretera para un mejor rendimiento en cualquier condici\u00f3n.<\/li><li>Los tubos DOM (tirados sobre mandril) reducen el desgaste interno para aumentar la durabilidad.<\/li><li>El gas nitr\u00f3geno a alta presi\u00f3n y la tecnolog\u00eda de pist\u00f3n flotante permiten que el amortiguador reaccione inmediatamente a los movimientos del volante para un control \u00f3ptimo.<\/li><\/ul>\n\n\n\n<p><\/p>\n\n\n\n<h3 class=\"wp-block-heading\"><strong>GRC Ultra<\/strong><\/h3>\n\n\n\n<p>El modelo Ultra es uno de los m\u00e1s populares de la marca y cuenta con la Tecnolog\u00eda G- Force, exclusiva de la marca GRC.<\/p>\n\n\n\n<p><strong>Caracter\u00edsticas:<\/strong><\/p>\n\n\n\n<ul><li>Amortiguaci\u00f3n variable infinita para un m\u00e1ximo control<\/li><li>La tecnolog\u00eda G-Force para respuesta r\u00e1pida, vida \u00fatil prolongada y control de manejo consistente.<\/li><li>Sello de pist\u00f3n a prueba de fugas.<\/li><li>Flujo consistente de aceite gracias al disco de control de orificio con valving de 9 pasos.<\/li><li>Tubos largos y abocinados que ayudan al enfriamiento.<\/li><\/ul>\n\n\n\n<p><\/p>\n\n\n\n<h3 class=\"wp-block-heading\"><strong>Guardian<\/strong><\/h3>\n\n\n\n<p>Si usted es el tipo de conductor que quiere llegar de un punto a otro de una manera segura y c\u00f3moda, los amortiguadores Guardian son una gran opci\u00f3n a un precio muy econ\u00f3mico. <\/p>\n\n\n\n<p>Estos est\u00e1n presurizados con gas nitr\u00f3geno que provee una mejor respuesta, pues mantiene sus ruedas en constante contacto con el camino. Esto se traduce en m\u00e1s seguridad, mejor manejo y mayor rendimiento. Dentro de esta l\u00ednea tambi\u00e9n cuenta con el modelo Guardian Hidr\u00e1ulico. <\/p>\n\n\n\n<p><strong>Caracter\u00edsticas:<\/strong><\/p>\n\n\n\n<ul><li>Valving de 9 pasos junto con la carga de gas ayudan a resistir las fuerzas de compresi\u00f3n y rebote.<\/li><li>Sellos de pist\u00f3n a prueba de fugas que prolongan la vida \u00fatil del producto.<\/li><li>Pist\u00f3n de 1 3\/16\u201d de di\u00e1metro, que proporciona mejor desempe\u00f1o y manejo.<\/li><\/ul>\n\n\n\n<p><\/p>\n\n\n\n<h3 class=\"wp-block-heading\"><strong>ProGuard<\/strong><\/h3>\n\n\n\n<p>Los productos ProGuard est\u00e1n dise\u00f1ados para lograr un mayor control y comodidad, independientemente de las condiciones. Adem\u00e1s, vienen equipados con un di\u00e1metro de pist\u00f3n m\u00e1s grande. <\/p>\n\n\n\n<p>Van dirigidos especialmente a camionetas, Van&#8217;s y SUV&#8217;s.<\/p>\n\n\n\n<p><strong>Caracter\u00edsticas:<\/strong><\/p>\n\n\n\n<ul><li>El tubo de dep\u00f3sito m\u00e1s grande mejora la refrigeraci\u00f3n y prolonga la vida \u00fatil del amortiguador.<\/li><li>Fabricado con pist\u00f3n de 1 3\/8\u201d para mayor durabilidad.<\/li><li>Sello de aceite de baja fricci\u00f3n para mayor comodidad y resistencia al desgaste.<\/li><\/ul>\n\n\n\n<p><\/p>\n\n\n\n<h3 class=\"wp-block-heading\"><strong>Serie LTV<\/strong><\/h3>\n\n\n\n<p>Los amortiguadores LTV est\u00e1n enfocados en la&nbsp;estabilidad y respuesta del veh\u00edculo, espec\u00edficamente para uso pesado en camiones ligeros y vans.<\/p>\n\n\n\n<p>Tiene un pist\u00f3n de 1 5\/8\u201d (41mm), el cual brinda fuerza y estabilidad para resistir hasta los movimientos m\u00e1s bruscos y las condiciones m\u00e1s extremas. Est\u00e1 dise\u00f1ado espec\u00edficamente para reemplazar el t\u00edpico amortiguador del mercado de accesorios<\/p>\n\n\n\n<p><strong>Caracter\u00edsticas:<\/strong><\/p>\n\n\n\n<ul><li>Valving con resortes helicoidales de 10 pasos para un mayor confort y control<\/li><li>El di\u00e1metro del pist\u00f3n de 1 5\/8\u201d (41 mm) aumenta la resistencia a la tracci\u00f3n, la durabilidad y el rendimiento.<\/li><li>Los montajes soldados por arco de 360\u00b0 brindan una resistencia estructural robusta.<\/li><\/ul>\n\n\n\n<p><\/p>\n\n\n\n<h3 class=\"wp-block-heading\"><strong>Amortiguadores HiJackers<\/strong><\/h3>\n\n\n\n<p>Estos son amortiguadores de aire ajustables dise\u00f1ados para remolque. Estos se inflan al inyect\u00e1rsele aire antes de remolcar la carga, para evitar el riesgo de golpear el suelo. Una vez realizado el trabajo, solo se deja salir un poco de aire para devolver el veh\u00edculo a su estado anterior.<\/p>\n\n\n\n<p><strong>Caracter\u00edsticas:<\/strong><\/p>\n\n\n\n<ul><li>Las c\u00e1maras de aire ampliamente ajustables ayudan a mantener la altura adecuada del veh\u00edculo.<\/li><li>Ideal para remolcar botes y remolques, o cargas pesadas.<\/li><li>Capacidad de elevaci\u00f3n adicional de hasta 1100 libras (500 kilogramos) por par<\/li><li>F\u00e1cil de inflar con un compresor de aire manual o un sistema de aire a bordo.<\/li><li>Presi\u00f3n de aire durante 25 minutos a un m\u00e1ximo de 200 psi.<\/li><\/ul>\n\n\n\n<p><\/p>\n\n\n\n<h3 class=\"wp-block-heading\"><strong>GRC<\/strong> <strong>GasSLX<\/strong><\/h3>\n\n\n\n<p>Con estos \u00faltimos dos modelos ya entramos en la l\u00ednea de equipo pesado y comercial de la marca GRC, dise\u00f1ada para camiones, tr\u00e1ilers o autobuses.<\/p>\n\n\n\n<p>Los amortiguadores Premium GasSLX cuentan con capacidad de ajuste en tres posiciones: regular, firme y extra firme, para brindar comodidad y control personalizado. El dise\u00f1o de celda de gas de este amortiguador, crea una barrera f\u00edsica entre el gas y el fluido a alta temperatura, evitando la aireaci\u00f3n. La tecnolog\u00eda Gas Cell es una caracter\u00edstica de por vida destinada a aplicaciones de veh\u00edculos comerciales de larga duraci\u00f3n.<\/p>\n\n\n\n<p><\/p>\n\n\n\n<h3 class=\"wp-block-heading\"><strong>Amortiguadores GRC HD<\/strong> <strong>FleetLine<\/strong><\/h3>\n\n\n\n<p>Los amortiguadores FleetLine est\u00e1n hechos para ser reemplazos directos de los amortiguadores del equipo original.<\/p>\n\n\n\n<p>Este modelo posee caracter\u00edsticas innovadoras como v\u00e1lvulas de 10 etapas, anillo de pist\u00f3n presurizado, sello de labios m\u00faltiples y tecnolog\u00eda de celda de gas. De esta manera, reducen significativamente el desgaste de otras piezas costosas de la suspensi\u00f3n y del veh\u00edculo, lo que reduce el desvanecimiento del amortiguador y aumenta la comodidad de conducci\u00f3n.<\/p>\n\n\n\n<p><\/p>\n\n\n\n<h2 class=\"wp-block-heading\"><strong>Cat\u00e1logo de Amortiguadores GRC<\/strong><\/h2>\n\n\n\n<p>A continuaci\u00f3n te presentamos el cat\u00e1logo completo de los amortiguadores GRC con los diferentes modelos de veh\u00edculos, para que puedas encontrar el que sea compatible con el tuyo. <\/p>\n\n\n\n<p><a href=\"http:\/\/grcautopartes.com.mx\/catalogo\/GRCPesado_web.pdf\">Puedes verlo aqu\u00ed. <\/a><\/p>\n\n\n\n<p><\/p>\n\n\n\n<h2 class=\"wp-block-heading\"><strong>\u00bfCu\u00e1les son mejores, los amortiguadores Monroe o Amortiguadores GRC?<\/strong><\/h2>\n\n\n\n<p>Esto es una duda que tienen muchos, ya que por apariencia f\u00edsica y variedad de modelos, los amortiguadores parecen tener muchas equivalencias de Amortiguadores GRC.<\/p>\n\n\n\n<p>Pueden existir ciertas similitudes, pero los amortiguadores Monroe son superiores. La marca Monroe es considerada una de las mejores, si no la mejor, en el mundo en cuanto a amortiguadores se refiere. <\/p>\n\n\n\n<h2 class=\"wp-block-heading\"><strong>\u00bfLos amortiguadores GRC son buenos?<\/strong><\/h2>\n\n\n\n<p>Lo cierto es que si, especialmente en su l\u00ednea para autobuses, camiones y otros veh\u00edculos comerciales. Son productos de calidad, durabilidad y que hacen su trabajo.<\/p>\n","protected":false},"excerpt":{"rendered":"<p>Los amortiguadores GRC son una opci&oacute;n popular entre los entusiastas de los autom&oacute;viles y aqu&iacute; te mostraremos porque. La marca ofrece productos para autos, camionetas, camiones ligeros, equipo pesado, equipo industrial y hasta veh&iacute;culos para deportes extremos. GRC amortiguadores cuenta con una gran variedad de modelos, de los cuales te hablaremos a continuaci&oacute;n, tambi&eacute;n hablaremos &#8230; <a title=\"Amortiguadores GRC, Gran Variedad y Larga Vida\" class=\"read-more\" href=\"https:\/\/www.amortiguadoresdeauto.com\/index.php\/amortiguadores-grc\/\">Leer m\u00e1s<\/a><\/p>\n","protected":false},"author":1,"featured_media":910,"parent":0,"menu_order":0,"comment_status":"closed","ping_status":"closed","template":"","meta":{"footnotes":""},"uagb_featured_image_src":{"full":["https:\/\/www.amortiguadoresdeauto.com\/wp-content\/uploads\/2022\/05\/Amortiguadores-GRC.jpg",1459,425,false],"thumbnail":["https:\/\/www.amortiguadoresdeauto.com\/wp-content\/uploads\/2022\/05\/Amortiguadores-GRC-150x150.jpg",150,150,true],"medium":["https:\/\/www.amortiguadoresdeauto.com\/wp-content\/uploads\/2022\/05\/Amortiguadores-GRC-300x87.jpg",300,87,true],"medium_large":["https:\/\/www.amortiguadoresdeauto.com\/wp-content\/uploads\/2022\/05\/Amortiguadores-GRC-768x224.jpg",768,224,true],"large":["https:\/\/www.amortiguadoresdeauto.com\/wp-content\/uploads\/2022\/05\/Amortiguadores-GRC-1024x298.jpg",1024,298,true],"1536x1536":["https:\/\/www.amortiguadoresdeauto.com\/wp-content\/uploads\/2022\/05\/Amortiguadores-GRC.jpg",1459,425,false],"2048x2048":["https:\/\/www.amortiguadoresdeauto.com\/wp-content\/uploads\/2022\/05\/Amortiguadores-GRC.jpg",1459,425,false]},"uagb_author_info":{"display_name":"admin","author_link":"https:\/\/www.amortiguadoresdeauto.com\/index.php\/author\/admin\/"},"uagb_comment_info":0,"uagb_excerpt":"Los amortiguadores GRC son una opci&oacute;n popular entre los entusiastas de los autom&oacute;viles y aqu&iacute; te mostraremos porque. La marca ofrece productos para autos, camionetas, camiones ligeros, equipo pesado, equipo industrial y hasta veh&iacute;culos para deportes extremos. GRC amortiguadores cuenta con una gran variedad de modelos, de los cuales te hablaremos a continuaci&oacute;n, tambi&eacute;n hablaremos&hellip;","yoast_head":"<!-- This site is optimized with the Yoast SEO plugin v14.7 - https:\/\/yoast.com\/wordpress\/plugins\/seo\/ -->\n<title>Amortiguadores GRC, Gran Variedad y Larga Vida<\/title>\n<meta name=\"description\" content=\"Los amortiguadores GRC tienen una larga trayectoria llena de calidad. Conoce todo acerca de ellos, precios, historia, cat\u00e1logo y opiniones.\" \/>\n<meta name=\"robots\" content=\"index, follow\" \/>\n<meta name=\"googlebot\" content=\"index, follow, max-snippet:-1, max-image-preview:large, max-video-preview:-1\" \/>\n<meta name=\"bingbot\" content=\"index, follow, max-snippet:-1, max-image-preview:large, max-video-preview:-1\" \/>\n<link rel=\"canonical\" href=\"https:\/\/www.amortiguadoresdeauto.com\/index.php\/amortiguadores-grc\/\" \/>\n<meta property=\"og:locale\" content=\"es_ES\" \/>\n<meta property=\"og:type\" content=\"article\" \/>\n<meta property=\"og:title\" content=\"Amortiguadores GRC, Gran Variedad y Larga Vida\" \/>\n<meta property=\"og:description\" content=\"Los amortiguadores GRC tienen una larga trayectoria llena de calidad. Conoce todo acerca de ellos, precios, historia, cat\u00e1logo y opiniones.\" \/>\n<meta property=\"og:url\" content=\"https:\/\/www.amortiguadoresdeauto.com\/index.php\/amortiguadores-grc\/\" \/>\n<meta property=\"og:site_name\" content=\"Amortiguadores\" \/>\n<meta property=\"article:modified_time\" content=\"2022-05-01T05:28:29+00:00\" \/>\n<meta property=\"og:image\" content=\"https:\/\/www.amortiguadoresdeauto.com\/wp-content\/uploads\/2022\/05\/Amortiguadores-GRC.jpg\" \/>\n\t<meta property=\"og:image:width\" content=\"1459\" \/>\n\t<meta property=\"og:image:height\" content=\"425\" \/>\n<meta name=\"twitter:card\" content=\"summary_large_image\" \/>\n<script type=\"application\/ld+json\" class=\"yoast-schema-graph\">{\"@context\":\"https:\/\/schema.org\",\"@graph\":[{\"@type\":\"WebSite\",\"@id\":\"https:\/\/www.amortiguadoresdeauto.com\/#website\",\"url\":\"https:\/\/www.amortiguadoresdeauto.com\/\",\"name\":\"Amortiguadores\",\"description\":\"De Auto\",\"potentialAction\":[{\"@type\":\"SearchAction\",\"target\":\"https:\/\/www.amortiguadoresdeauto.com\/?s={search_term_string}\",\"query-input\":\"required name=search_term_string\"}],\"inLanguage\":\"es\"},{\"@type\":\"ImageObject\",\"@id\":\"https:\/\/www.amortiguadoresdeauto.com\/index.php\/amortiguadores-grc\/#primaryimage\",\"inLanguage\":\"es\",\"url\":\"https:\/\/www.amortiguadoresdeauto.com\/wp-content\/uploads\/2022\/05\/Amortiguadores-GRC.jpg\",\"width\":1459,\"height\":425,\"caption\":\"Amortiguadores GRC\"},{\"@type\":\"WebPage\",\"@id\":\"https:\/\/www.amortiguadoresdeauto.com\/index.php\/amortiguadores-grc\/#webpage\",\"url\":\"https:\/\/www.amortiguadoresdeauto.com\/index.php\/amortiguadores-grc\/\",\"name\":\"Amortiguadores GRC, Gran Variedad y Larga Vida\",\"isPartOf\":{\"@id\":\"https:\/\/www.amortiguadoresdeauto.com\/#website\"},\"primaryImageOfPage\":{\"@id\":\"https:\/\/www.amortiguadoresdeauto.com\/index.php\/amortiguadores-grc\/#primaryimage\"},\"datePublished\":\"2022-05-01T05:24:21+00:00\",\"dateModified\":\"2022-05-01T05:28:29+00:00\",\"description\":\"Los amortiguadores GRC tienen una larga trayectoria llena de calidad. Conoce todo acerca de ellos, precios, historia, cat\\u00e1logo y opiniones.\",\"inLanguage\":\"es\",\"potentialAction\":[{\"@type\":\"ReadAction\",\"target\":[\"https:\/\/www.amortiguadoresdeauto.com\/index.php\/amortiguadores-grc\/\"]}]}]}<\/script>\n<!-- \/ Yoast SEO plugin. -->","_links":{"self":[{"href":"https:\/\/www.amortiguadoresdeauto.com\/index.php\/wp-json\/wp\/v2\/pages\/872"}],"collection":[{"href":"https:\/\/www.amortiguadoresdeauto.com\/index.php\/wp-json\/wp\/v2\/pages"}],"about":[{"href":"https:\/\/www.amortiguadoresdeauto.com\/index.php\/wp-json\/wp\/v2\/types\/page"}],"author":[{"embeddable":true,"href":"https:\/\/www.amortiguadoresdeauto.com\/index.php\/wp-json\/wp\/v2\/users\/1"}],"replies":[{"embeddable":true,"href":"https:\/\/www.amortiguadoresdeauto.com\/index.php\/wp-json\/wp\/v2\/comments?post=872"}],"version-history":[{"count":18,"href":"https:\/\/www.amortiguadoresdeauto.com\/index.php\/wp-json\/wp\/v2\/pages\/872\/revisions"}],"predecessor-version":[{"id":914,"href":"https:\/\/www.amortiguadoresdeauto.com\/index.php\/wp-json\/wp\/v2\/pages\/872\/revisions\/914"}],"wp:featuredmedia":[{"embeddable":true,"href":"https:\/\/www.amortiguadoresdeauto.com\/index.php\/wp-json\/wp\/v2\/media\/910"}],"wp:attachment":[{"href":"https:\/\/www.amortiguadoresdeauto.com\/index.php\/wp-json\/wp\/v2\/media?parent=872"}],"curies":[{"name":"wp","href":"https:\/\/api.w.org\/{rel}","templated":true}]}}