{"id":91,"date":"2020-11-04T12:37:32","date_gmt":"2020-11-04T12:37:32","guid":{"rendered":"https:\/\/www.amortiguadoresdeauto.com\/?page_id=91"},"modified":"2020-11-04T12:37:32","modified_gmt":"2020-11-04T12:37:32","slug":"amortiguadores-nakata","status":"publish","type":"page","link":"https:\/\/www.amortiguadoresdeauto.com\/index.php\/amortiguadores-nakata\/","title":{"rendered":"Amortiguadores Nakata"},"content":{"rendered":"\n<p>La marca Nakata incluye una de las l\u00edneas de suspensi\u00f3n y direcci\u00f3n con calidad original m\u00e1s completa, incluyendo los amortiguadores Nakata.<\/p>\n\n\n\n<p>Los amortiguadores Nakata tienen Certificaci\u00f3n de Homologaci\u00f3n de Autopartes de Seguridad (CHAS) y son dise\u00f1ados, desarrollados y fabricados especialmente para cada veh\u00edculo.<\/p>\n\n\n\n<p>Nakata cuenta con un largo historial de calidad y rendimiento a trav\u00e9s de sus a\u00f1os en el mercado. <\/p>\n\n\n\n<p>En septiembre del 2020 la compa\u00f1\u00eda fue adquirida por Fras-le, lo que se traduce en un proyecto m\u00e1s abarcador desde la fabricaci\u00f3n de la variedad de componentes, hasta el servicio y la comercializaci\u00f3n.<\/p>\n\n\n\n<p>Adem\u00e1s, los productos Nakata est\u00e1n destinados a veh\u00edculos ligeros, pesados y l\u00edneas para motocicletas, incluyendo los conjuntos de suspensi\u00f3n, sistema de direcci\u00f3n, transmisi\u00f3n y frenos.<\/p>\n\n\n\n<h2 class=\"wp-block-heading\"><strong>Amortiguadores Nakata Pressurizado<\/strong><\/h2>\n\n\n\n<p>Nakata se destaca por sus amortiguadores presurizados. Fabrica amortiguadores para veh\u00edculos de casi todas las marcas como Audi, Doge, Fiat, Honda, Hyundai, Kia, Mitsubishi, Toyota, Ford, GMC y Volvo entre muchas otras.<\/p>\n\n\n\n<p>El amortiguador Nakata Pressurizado esa identificado con el prefijo HG y una numeraci\u00f3n que define la compatibilidad con el veh\u00edculo. Por ejemplo, para los carros Audi A3 con fecha de fabricaci\u00f3n de 1999 al 2008, funcionan los amortiguadores Nakata HG 33009 y HG 31040.<\/p>\n\n\n\n<p><strong>Algunos de los otros modelos de los m\u00e1s utilizados son:<\/strong><\/p>\n\n\n\n<p><\/p>\n\n\n\n<h2 class=\"wp-block-heading\"><strong>Amortiguadores Nakata HG 41132 y HG 41133<\/strong><\/h2>\n\n\n\n<p>Dise\u00f1ados para el veh\u00edculo Ford Focus con fecha del 2013 al 2018.<\/p>\n\n\n\n<p><\/p>\n\n\n\n<h2 class=\"wp-block-heading\"><strong>Nakata HG 41018 y HG 41020<\/strong><\/h2>\n\n\n\n<p>Dise\u00f1ados para el veh\u00edculo Honda Civic 1.8 con fecha del 2012 al 2016.<\/p>\n\n\n\n<p><\/p>\n\n\n\n<h2 class=\"wp-block-heading\"><strong>Nakata HG 33077, HG 33079, HG 33078 y HG 33080<\/strong><\/h2>\n\n\n\n<p>Dise\u00f1ados para el veh\u00edculo Hyundai Tucson del 2005 al 20017.<\/p>\n\n\n\n<p><\/p>\n\n\n\n<h2 class=\"wp-block-heading\"><strong>Nakata HG 41086 y HG 41087<\/strong><\/h2>\n\n\n\n<p>Dise\u00f1ados para el veh\u00edculo Nissan Frontier del 2008 al 20017.<\/p>\n\n\n\n<p><\/p>\n\n\n\n<h2 class=\"wp-block-heading\"><strong>Nakata HG 41241, HG 41242 y HG 41243<\/strong><\/h2>\n\n\n\n<p>Dise\u00f1ados para los veh\u00edculos Toyota Corolla del 2014 al 2018<\/p>\n\n\n\n<p>Como estos ejemplos hay muchos modelos m\u00e1s para cientos de veh\u00edculos de distintas marcas. <\/p>\n\n\n\n<h2 class=\"wp-block-heading\"><strong>Amortiguadores Nakata Convencionales<\/strong><\/h2>\n\n\n\n<p>As\u00ed como existen los modelos presurizados, que son el producto estrella de Nakata en el campo de los amortiguadores, la marca tambi\u00e9n tambi\u00e9n fabrica amortiguadores convencionales hidr\u00e1ulicos para todo tipo de auto de muchas de las marcas reconocidas.<\/p>\n\n\n\n<p>Estos regularmente comienzan con el prefijo AC y contin\u00faan con una numeraci\u00f3n la cual es distinta para cada modelo de veh\u00edculo. Tal cual explicamos para los modelos presurizados. <\/p>\n\n\n\n<p><\/p>\n","protected":false},"excerpt":{"rendered":"<p>La marca Nakata incluye una de las l&iacute;neas de suspensi&oacute;n y direcci&oacute;n con calidad original m&aacute;s completa, incluyendo los amortiguadores Nakata. Los amortiguadores Nakata tienen Certificaci&oacute;n de Homologaci&oacute;n de Autopartes de Seguridad (CHAS) y son dise&ntilde;ados, desarrollados y fabricados especialmente para cada veh&iacute;culo. Nakata cuenta con un largo historial de calidad y rendimiento a trav&eacute;s &#8230; <a title=\"Amortiguadores Nakata\" class=\"read-more\" href=\"https:\/\/www.amortiguadoresdeauto.com\/index.php\/amortiguadores-nakata\/\">Leer m\u00e1s<\/a><\/p>\n","protected":false},"author":1,"featured_media":94,"parent":0,"menu_order":0,"comment_status":"closed","ping_status":"closed","template":"","meta":{"footnotes":""},"uagb_featured_image_src":{"full":["https:\/\/www.amortiguadoresdeauto.com\/wp-content\/uploads\/2020\/11\/iss_14894_01070.jpg",1000,1000,false],"thumbnail":["https:\/\/www.amortiguadoresdeauto.com\/wp-content\/uploads\/2020\/11\/iss_14894_01070-150x150.jpg",150,150,true],"medium":["https:\/\/www.amortiguadoresdeauto.com\/wp-content\/uploads\/2020\/11\/iss_14894_01070-300x300.jpg",300,300,true],"medium_large":["https:\/\/www.amortiguadoresdeauto.com\/wp-content\/uploads\/2020\/11\/iss_14894_01070-768x768.jpg",768,768,true],"large":["https:\/\/www.amortiguadoresdeauto.com\/wp-content\/uploads\/2020\/11\/iss_14894_01070.jpg",1000,1000,false],"1536x1536":["https:\/\/www.amortiguadoresdeauto.com\/wp-content\/uploads\/2020\/11\/iss_14894_01070.jpg",1000,1000,false],"2048x2048":["https:\/\/www.amortiguadoresdeauto.com\/wp-content\/uploads\/2020\/11\/iss_14894_01070.jpg",1000,1000,false]},"uagb_author_info":{"display_name":"admin","author_link":"https:\/\/www.amortiguadoresdeauto.com\/index.php\/author\/admin\/"},"uagb_comment_info":0,"uagb_excerpt":"La marca Nakata incluye una de las l&iacute;neas de suspensi&oacute;n y direcci&oacute;n con calidad original m&aacute;s completa, incluyendo los amortiguadores Nakata. Los amortiguadores Nakata tienen Certificaci&oacute;n de Homologaci&oacute;n de Autopartes de Seguridad (CHAS) y son dise&ntilde;ados, desarrollados y fabricados especialmente para cada veh&iacute;culo. Nakata cuenta con un largo historial de calidad y rendimiento a trav&eacute;s&hellip;","yoast_head":"<!-- This site is optimized with the Yoast SEO plugin v14.7 - https:\/\/yoast.com\/wordpress\/plugins\/seo\/ -->\n<title>Amortiguadores Nakata - Amortiguadores<\/title>\n<meta name=\"description\" content=\"Los amortiguadores Nakata son fabricados para la mayor\u00eda de las marcas de autos. Cuentan con varios modelos, compatibles con muchos vehiculos.\" \/>\n<meta name=\"robots\" content=\"index, follow\" \/>\n<meta name=\"googlebot\" content=\"index, follow, max-snippet:-1, max-image-preview:large, max-video-preview:-1\" \/>\n<meta name=\"bingbot\" content=\"index, follow, max-snippet:-1, max-image-preview:large, max-video-preview:-1\" \/>\n<link rel=\"canonical\" href=\"https:\/\/www.amortiguadoresdeauto.com\/index.php\/amortiguadores-nakata\/\" \/>\n<meta property=\"og:locale\" content=\"es_ES\" \/>\n<meta property=\"og:type\" content=\"article\" \/>\n<meta property=\"og:title\" content=\"Amortiguadores Nakata - Amortiguadores\" \/>\n<meta property=\"og:description\" content=\"Los amortiguadores Nakata son fabricados para la mayor\u00eda de las marcas de autos. Cuentan con varios modelos, compatibles con muchos vehiculos.\" \/>\n<meta property=\"og:url\" content=\"https:\/\/www.amortiguadoresdeauto.com\/index.php\/amortiguadores-nakata\/\" \/>\n<meta property=\"og:site_name\" content=\"Amortiguadores\" \/>\n<meta property=\"og:image\" content=\"https:\/\/www.amortiguadoresdeauto.com\/wp-content\/uploads\/2020\/11\/iss_14894_01070.jpg\" \/>\n\t<meta property=\"og:image:width\" content=\"1000\" \/>\n\t<meta property=\"og:image:height\" content=\"1000\" \/>\n<meta name=\"twitter:card\" content=\"summary_large_image\" \/>\n<script type=\"application\/ld+json\" class=\"yoast-schema-graph\">{\"@context\":\"https:\/\/schema.org\",\"@graph\":[{\"@type\":\"WebSite\",\"@id\":\"https:\/\/www.amortiguadoresdeauto.com\/#website\",\"url\":\"https:\/\/www.amortiguadoresdeauto.com\/\",\"name\":\"Amortiguadores\",\"description\":\"De Auto\",\"potentialAction\":[{\"@type\":\"SearchAction\",\"target\":\"https:\/\/www.amortiguadoresdeauto.com\/?s={search_term_string}\",\"query-input\":\"required name=search_term_string\"}],\"inLanguage\":\"es\"},{\"@type\":\"ImageObject\",\"@id\":\"https:\/\/www.amortiguadoresdeauto.com\/index.php\/amortiguadores-nakata\/#primaryimage\",\"inLanguage\":\"es\",\"url\":\"https:\/\/www.amortiguadoresdeauto.com\/wp-content\/uploads\/2020\/11\/iss_14894_01070.jpg\",\"width\":1000,\"height\":1000,\"caption\":\"Amortiguadores Nakata\"},{\"@type\":\"WebPage\",\"@id\":\"https:\/\/www.amortiguadoresdeauto.com\/index.php\/amortiguadores-nakata\/#webpage\",\"url\":\"https:\/\/www.amortiguadoresdeauto.com\/index.php\/amortiguadores-nakata\/\",\"name\":\"Amortiguadores Nakata - Amortiguadores\",\"isPartOf\":{\"@id\":\"https:\/\/www.amortiguadoresdeauto.com\/#website\"},\"primaryImageOfPage\":{\"@id\":\"https:\/\/www.amortiguadoresdeauto.com\/index.php\/amortiguadores-nakata\/#primaryimage\"},\"datePublished\":\"2020-11-04T12:37:32+00:00\",\"dateModified\":\"2020-11-04T12:37:32+00:00\",\"description\":\"Los amortiguadores Nakata son fabricados para la mayor\\u00eda de las marcas de autos. Cuentan con varios modelos, compatibles con muchos vehiculos.\",\"inLanguage\":\"es\",\"potentialAction\":[{\"@type\":\"ReadAction\",\"target\":[\"https:\/\/www.amortiguadoresdeauto.com\/index.php\/amortiguadores-nakata\/\"]}]}]}<\/script>\n<!-- \/ Yoast SEO plugin. -->","_links":{"self":[{"href":"https:\/\/www.amortiguadoresdeauto.com\/index.php\/wp-json\/wp\/v2\/pages\/91"}],"collection":[{"href":"https:\/\/www.amortiguadoresdeauto.com\/index.php\/wp-json\/wp\/v2\/pages"}],"about":[{"href":"https:\/\/www.amortiguadoresdeauto.com\/index.php\/wp-json\/wp\/v2\/types\/page"}],"author":[{"embeddable":true,"href":"https:\/\/www.amortiguadoresdeauto.com\/index.php\/wp-json\/wp\/v2\/users\/1"}],"replies":[{"embeddable":true,"href":"https:\/\/www.amortiguadoresdeauto.com\/index.php\/wp-json\/wp\/v2\/comments?post=91"}],"version-history":[{"count":2,"href":"https:\/\/www.amortiguadoresdeauto.com\/index.php\/wp-json\/wp\/v2\/pages\/91\/revisions"}],"predecessor-version":[{"id":93,"href":"https:\/\/www.amortiguadoresdeauto.com\/index.php\/wp-json\/wp\/v2\/pages\/91\/revisions\/93"}],"wp:featuredmedia":[{"embeddable":true,"href":"https:\/\/www.amortiguadoresdeauto.com\/index.php\/wp-json\/wp\/v2\/media\/94"}],"wp:attachment":[{"href":"https:\/\/www.amortiguadoresdeauto.com\/index.php\/wp-json\/wp\/v2\/media?parent=91"}],"curies":[{"name":"wp","href":"https:\/\/api.w.org\/{rel}","templated":true}]}}