{"id":915,"date":"2022-05-03T03:11:16","date_gmt":"2022-05-03T03:11:16","guid":{"rendered":"https:\/\/www.amortiguadoresdeauto.com\/?page_id=915"},"modified":"2022-12-29T10:30:38","modified_gmt":"2022-12-29T10:30:38","slug":"amortiguadores-grob","status":"publish","type":"page","link":"https:\/\/www.amortiguadoresdeauto.com\/index.php\/amortiguadores-grob\/","title":{"rendered":"Amortiguadores Grob \u00bfSon buenos? \u00bfQui\u00e9n los hace? Contestamos todo"},"content":{"rendered":"\n<p>Los amortiguadores Grob son uno de los m\u00e1s comprados por los mec\u00e1nicos, gracias a su precio. Son equipos realmente econ\u00f3micos, que a su vez ofrecen una calidad decente.<\/p>\n\n\n\n<p>A continuaci\u00f3n te hablamos de su historia, sus modelos, caracter\u00edsticas, precios y te damos nuestra opini\u00f3n.<\/p>\n\n\n\n<p><\/p>\n\n\n\n<h2 class=\"wp-block-heading\"><strong>\u00bfQuien hace los Amortiguadores Grob?<\/strong><\/h2>\n\n\n\n<p>Las suspensiones Grob son productos de la empresa nacida en M\u00e9xico, Grupo Govi. Esta compa\u00f1\u00eda existe desde el 1980 y su enfoque va dirigido a la suspensi\u00f3n del auto. <\/p>\n\n\n\n<p>La empresa cuenta con las marcas GROB Suspensi\u00f3n Automotriz y GROB COMFORT Amortiguadores, las cuales ocupan una posici\u00f3n s\u00f3lida en la industria. <\/p>\n\n\n\n<p><\/p>\n\n\n\n<h2 class=\"wp-block-heading\"><strong>Cat\u00e1logo de Amortiguadores Grob, precios y ofertas<\/strong><\/h2>\n\n\n\n<p>A continuaci\u00f3n te mostramos las mejores ofertas con los mejores precios para los modelos m\u00e1s buscados: <\/p>\n\n\n\n<p><\/p>\n\n\n\n<div class=\"wp-block-uagb-info-box uagb-infobox__outer-wrap uagb-block-dc2498dc\"><div class=\"uagb-infobox__content-wrap uagb-infobox uagb-infobox-has-image uagb-infobox-icon-above-title uagb-infobox-image-valign-top uagb-infobox-enable-border-radius \"><div class=\"uagb-ifb-left-right-wrap\"><div class=\"uagb-ifb-content\"><div class=\"uagb-ifb-image-icon-content uagb-ifb-imgicon-wrap\"><div class=\"uagb-ifb-image\"><div class=\"uagb-ifb-image-content\"><img decoding=\"async\" class=\"uagb-ifb-img-src\" src=\"https:\/\/www.amortiguadoresdeauto.com\/wp-content\/uploads\/2022\/05\/Amortiguadores-Grob-para-Chevy.png\" alt=\"Amortiguadores Grob para Chevy\"\/><\/div><\/div><\/div><div class=\"uagb-ifb-title-wrap\"><h3 class=\"uagb-ifb-title\"><strong>Amortiguadores Grob para Chevy<\/strong><\/h3><\/div><div class=\"uagb-ifb-separator-parent\"><div class=\"uagb-ifb-separator\"><\/div><\/div><div class=\"uagb-ifb-text-wrap\"><p class=\"uagb-ifb-desc\">A continuaci\u00f3n te presentamos los diferentes amortiguadores para carros Chevy, solo busca el modelo de tu carro y el a\u00f1o.<\/p><div class=\"uagb-ifb-cta uagb-infobox-cta-link-style\"><div class=\"uagb-ifb-button-wrapper\"><a href=\"https:\/\/listado.mercadolibre.com.mx\/amortiguadores-grob-para-chevy#D[A:amortiguadores%20grob%20para%20chevy]\" class=\"uagb-infobox-cta-link uagb-ifb-cta-button\" target=\"_blank\" rel=\"noopener noreferrer\"><span class=\"uagb-ifb-cta-content-wrapper\"><span class=\"uagb-inline-editing \">Ver precio en Mercado Libre<\/span><\/span><\/a><\/div><\/div><\/div><\/div><\/div><\/div><\/div>\n\n\n\n<p><\/p>\n\n\n\n<div class=\"wp-block-uagb-info-box uagb-infobox__outer-wrap uagb-block-e4401eed\"><div class=\"uagb-infobox__content-wrap uagb-infobox uagb-infobox-has-image uagb-infobox-icon-above-title uagb-infobox-image-valign-top uagb-infobox-enable-border-radius \"><div class=\"uagb-ifb-left-right-wrap\"><div class=\"uagb-ifb-content\"><div class=\"uagb-ifb-image-icon-content uagb-ifb-imgicon-wrap\"><div class=\"uagb-ifb-image\"><div class=\"uagb-ifb-image-content\"><img decoding=\"async\" class=\"uagb-ifb-img-src\" src=\"https:\/\/www.amortiguadoresdeauto.com\/wp-content\/uploads\/2022\/05\/amortiguadores-grob-para-tsuru.png\" alt=\"amortiguadores grob para tsuru\"\/><\/div><\/div><\/div><div class=\"uagb-ifb-title-wrap\"><h3 class=\"uagb-ifb-title\"> <strong>Grob Comfort para Tsuru<\/strong><\/h3><\/div><div class=\"uagb-ifb-separator-parent\"><div class=\"uagb-ifb-separator\"><\/div><\/div><div class=\"uagb-ifb-text-wrap\"><p class=\"uagb-ifb-desc\"> A continuaci\u00f3n te presentamos los diferentes amortiguadores para carros Tsuru.<\/p><div class=\"uagb-ifb-cta uagb-infobox-cta-link-style\"><div class=\"uagb-ifb-button-wrapper\"><a href=\"https:\/\/listado.mercadolibre.com.mx\/amortiguadores-grob-para-tsuru#D[A:amortiguadores%20grob%20para%20tsuru]\" class=\"uagb-infobox-cta-link uagb-ifb-cta-button\" target=\"_blank\" rel=\"noopener noreferrer\"><span class=\"uagb-ifb-cta-content-wrapper\"><span class=\"uagb-inline-editing \">Ver precio en Mercado Libre<\/span><\/span><\/a><\/div><\/div><\/div><\/div><\/div><\/div><\/div>\n\n\n\n<p><\/p>\n\n\n\n<div class=\"wp-block-uagb-info-box uagb-infobox__outer-wrap uagb-block-7d12b82c\"><div class=\"uagb-infobox__content-wrap uagb-infobox uagb-infobox-has-image uagb-infobox-icon-above-title uagb-infobox-image-valign-top uagb-infobox-enable-border-radius \"><div class=\"uagb-ifb-left-right-wrap\"><div class=\"uagb-ifb-content\"><div class=\"uagb-ifb-image-icon-content uagb-ifb-imgicon-wrap\"><div class=\"uagb-ifb-image\"><div class=\"uagb-ifb-image-content\"><img decoding=\"async\" class=\"uagb-ifb-img-src\" src=\"https:\/\/www.amortiguadoresdeauto.com\/wp-content\/uploads\/2022\/05\/grob-para-aveo-honda-pilot-bmw.png\" alt=\"grob para aveo, honda pilot, bmw\"\/><\/div><\/div><\/div><div class=\"uagb-ifb-title-wrap\"><h3 class=\"uagb-ifb-title\"><strong>Varios modelos Grob<\/strong><\/h3><\/div><div class=\"uagb-ifb-separator-parent\"><div class=\"uagb-ifb-separator\"><\/div><\/div><div class=\"uagb-ifb-text-wrap\"><p class=\"uagb-ifb-desc\">A continuaci\u00f3n encontrar\u00e1s amortiguadores Grob para Chevrolet Aveo, Honda Pilot, BMW X5, Fiat Uno y m\u00e1s.<\/p><div class=\"uagb-ifb-cta uagb-infobox-cta-link-style\"><div class=\"uagb-ifb-button-wrapper\"><a href=\"https:\/\/autos.mercadolibre.com.mx\/refacciones\/suspension-direccion\/amortiguadores\/amortiguadores-grob\" class=\"uagb-infobox-cta-link uagb-ifb-cta-button\" target=\"_blank\" rel=\"noopener noreferrer\"><span class=\"uagb-ifb-cta-content-wrapper\"><span class=\"uagb-inline-editing \">Ver precio en Mercado Libre<\/span><\/span><\/a><\/div><\/div><\/div><\/div><\/div><\/div><\/div>\n\n\n\n<p><\/p>\n\n\n\n<h2 class=\"wp-block-heading\"><strong>\u00bfQu\u00e9 tan recomendable es la marca Grob?<\/strong><\/h2>\n\n\n\n<p>Los amortiguadores Grob son buenos, ciertamente su precio son su atractivo mayor, pero mantienen altos est\u00e1ndares de calidad.<\/p>\n\n\n\n<p>Ahora bien, debemos tener claro y entender que no son amortiguadora Elite, por lo que no son mejores que los amortiguadores Monroe, Boge o KYB.<\/p>\n\n\n\n<p>Como mencionamos anteriormente, son muy utilizados por los mec\u00e1nicos debido a que son de los m\u00e1s econ\u00f3micos para la calidad que ofrecen. Por lo que trabajar con estos amortiguadores resulta muy costo efectivo.  <\/p>\n\n\n\n<p>No son amortiguadores para condiciones dif\u00edciles, para uso extremo o en carreteras complicadas todos los d\u00edas, y si lo comparamos con algunas marcas superiores, puede que duren poco. <\/p>\n\n\n\n<p><\/p>\n\n\n\n<h2 class=\"wp-block-heading\"><strong>Conclusi\u00f3n:<\/strong> <strong>\u00bfSon recomendables los amortiguadores Grob ?<\/strong><\/h2>\n\n\n\n<p>Para concluir, estos amortiguadores son ideales si tu presupuesto est\u00e1 ajustado. Puede ser una soluci\u00f3n r\u00e1pida y conveniente si necesitas unos amortiguadores inmediatamente.<\/p>\n\n\n\n<p>Si puedes darte el lujo de esperar y ahorrar un poco m\u00e1s para comprar unos de la marca Monroe, Boge o KYB, hazlo.<\/p>\n\n\n\n<p>Si quieres conocer m\u00e1s acerca de los <a href=\"https:\/\/www.amortiguadoresdeauto.com\/\">amortiguadores<\/a> y otras marcas, sigue navegando en nuestra p\u00e1gina. <\/p>\n\n\n<p><script type=\"text\/javascript\">\namzn_assoc_placement = \"adunit0\";\namzn_assoc_search_bar = \"true\";\namzn_assoc_tracking_id = \"amortiguadore-20\";\namzn_assoc_search_bar_position = \"bottom\";\namzn_assoc_ad_mode = \"search\";\namzn_assoc_ad_type = \"smart\";\namzn_assoc_marketplace = \"amazon\";\namzn_assoc_region = \"US\";\namzn_assoc_title = \"Amortiguadores\";\namzn_assoc_default_search_phrase = \"Amortiguadores\";\namzn_assoc_default_category = \"All\";\namzn_assoc_linkid = \"45a2c77917cc2b10085b1db688e44e35\";\n<\/script><br \/>\n<script src=\"\/\/z-na.amazon-adsystem.com\/widgets\/onejs?MarketPlace=US\"><\/script><\/p>\n\n\n\n<p><\/p>\n","protected":false},"excerpt":{"rendered":"<p>Los amortiguadores Grob son uno de los m&aacute;s comprados por los mec&aacute;nicos, gracias a su precio. Son equipos realmente econ&oacute;micos, que a su vez ofrecen una calidad decente. A continuaci&oacute;n te hablamos de su historia, sus modelos, caracter&iacute;sticas, precios y te damos nuestra opini&oacute;n. &iquest;Quien hace los Amortiguadores Grob? Las suspensiones Grob son productos de &#8230; <a title=\"Amortiguadores Grob \u00bfSon buenos? \u00bfQui\u00e9n los hace? Contestamos todo\" class=\"read-more\" href=\"https:\/\/www.amortiguadoresdeauto.com\/index.php\/amortiguadores-grob\/\">Leer m\u00e1s<\/a><\/p>\n","protected":false},"author":1,"featured_media":928,"parent":0,"menu_order":0,"comment_status":"closed","ping_status":"closed","template":"","meta":{"footnotes":""},"uagb_featured_image_src":{"full":["https:\/\/www.amortiguadoresdeauto.com\/wp-content\/uploads\/2022\/05\/Amortiguadores-Grob.png",1069,525,false],"thumbnail":["https:\/\/www.amortiguadoresdeauto.com\/wp-content\/uploads\/2022\/05\/Amortiguadores-Grob-150x150.png",150,150,true],"medium":["https:\/\/www.amortiguadoresdeauto.com\/wp-content\/uploads\/2022\/05\/Amortiguadores-Grob-300x147.png",300,147,true],"medium_large":["https:\/\/www.amortiguadoresdeauto.com\/wp-content\/uploads\/2022\/05\/Amortiguadores-Grob-768x377.png",768,377,true],"large":["https:\/\/www.amortiguadoresdeauto.com\/wp-content\/uploads\/2022\/05\/Amortiguadores-Grob-1024x503.png",1024,503,true],"1536x1536":["https:\/\/www.amortiguadoresdeauto.com\/wp-content\/uploads\/2022\/05\/Amortiguadores-Grob.png",1069,525,false],"2048x2048":["https:\/\/www.amortiguadoresdeauto.com\/wp-content\/uploads\/2022\/05\/Amortiguadores-Grob.png",1069,525,false]},"uagb_author_info":{"display_name":"admin","author_link":"https:\/\/www.amortiguadoresdeauto.com\/index.php\/author\/admin\/"},"uagb_comment_info":0,"uagb_excerpt":"Los amortiguadores Grob son uno de los m&aacute;s comprados por los mec&aacute;nicos, gracias a su precio. Son equipos realmente econ&oacute;micos, que a su vez ofrecen una calidad decente. A continuaci&oacute;n te hablamos de su historia, sus modelos, caracter&iacute;sticas, precios y te damos nuestra opini&oacute;n. &iquest;Quien hace los Amortiguadores Grob? Las suspensiones Grob son productos de&hellip;","yoast_head":"<!-- This site is optimized with the Yoast SEO plugin v14.7 - https:\/\/yoast.com\/wordpress\/plugins\/seo\/ -->\n<title>Amortiguadores Grob \u00bfSon buenos? \u00bfQui\u00e9n los hace? Contestamos todo<\/title>\n<meta name=\"description\" content=\"Los amortiguadores Grob son una opci\u00f3n buena y econ\u00f3mica. Conoce todo acerca de ellos, como su historia, caracteristicas, precios y m\u00e1s.\" \/>\n<meta name=\"robots\" content=\"index, follow\" \/>\n<meta name=\"googlebot\" content=\"index, follow, max-snippet:-1, max-image-preview:large, max-video-preview:-1\" \/>\n<meta name=\"bingbot\" content=\"index, follow, max-snippet:-1, max-image-preview:large, max-video-preview:-1\" \/>\n<link rel=\"canonical\" href=\"https:\/\/www.amortiguadoresdeauto.com\/index.php\/amortiguadores-grob\/\" \/>\n<meta property=\"og:locale\" content=\"es_ES\" \/>\n<meta property=\"og:type\" content=\"article\" \/>\n<meta property=\"og:title\" content=\"Amortiguadores Grob \u00bfSon buenos? \u00bfQui\u00e9n los hace? Contestamos todo\" \/>\n<meta property=\"og:description\" content=\"Los amortiguadores Grob son una opci\u00f3n buena y econ\u00f3mica. Conoce todo acerca de ellos, como su historia, caracteristicas, precios y m\u00e1s.\" \/>\n<meta property=\"og:url\" content=\"https:\/\/www.amortiguadoresdeauto.com\/index.php\/amortiguadores-grob\/\" \/>\n<meta property=\"og:site_name\" content=\"Amortiguadores\" \/>\n<meta property=\"article:modified_time\" content=\"2022-12-29T10:30:38+00:00\" \/>\n<meta property=\"og:image\" content=\"https:\/\/www.amortiguadoresdeauto.com\/wp-content\/uploads\/2022\/05\/Amortiguadores-Grob.png\" \/>\n\t<meta property=\"og:image:width\" content=\"1069\" \/>\n\t<meta property=\"og:image:height\" content=\"525\" \/>\n<meta name=\"twitter:card\" content=\"summary_large_image\" \/>\n<script type=\"application\/ld+json\" class=\"yoast-schema-graph\">{\"@context\":\"https:\/\/schema.org\",\"@graph\":[{\"@type\":\"WebSite\",\"@id\":\"https:\/\/www.amortiguadoresdeauto.com\/#website\",\"url\":\"https:\/\/www.amortiguadoresdeauto.com\/\",\"name\":\"Amortiguadores\",\"description\":\"De Auto\",\"potentialAction\":[{\"@type\":\"SearchAction\",\"target\":\"https:\/\/www.amortiguadoresdeauto.com\/?s={search_term_string}\",\"query-input\":\"required name=search_term_string\"}],\"inLanguage\":\"es\"},{\"@type\":\"ImageObject\",\"@id\":\"https:\/\/www.amortiguadoresdeauto.com\/index.php\/amortiguadores-grob\/#primaryimage\",\"inLanguage\":\"es\",\"url\":\"https:\/\/www.amortiguadoresdeauto.com\/wp-content\/uploads\/2022\/05\/Amortiguadores-Grob.png\",\"width\":1069,\"height\":525,\"caption\":\"Amortiguadores Grob\"},{\"@type\":\"WebPage\",\"@id\":\"https:\/\/www.amortiguadoresdeauto.com\/index.php\/amortiguadores-grob\/#webpage\",\"url\":\"https:\/\/www.amortiguadoresdeauto.com\/index.php\/amortiguadores-grob\/\",\"name\":\"Amortiguadores Grob \\u00bfSon buenos? \\u00bfQui\\u00e9n los hace? Contestamos todo\",\"isPartOf\":{\"@id\":\"https:\/\/www.amortiguadoresdeauto.com\/#website\"},\"primaryImageOfPage\":{\"@id\":\"https:\/\/www.amortiguadoresdeauto.com\/index.php\/amortiguadores-grob\/#primaryimage\"},\"datePublished\":\"2022-05-03T03:11:16+00:00\",\"dateModified\":\"2022-12-29T10:30:38+00:00\",\"description\":\"Los amortiguadores Grob son una opci\\u00f3n buena y econ\\u00f3mica. Conoce todo acerca de ellos, como su historia, caracteristicas, precios y m\\u00e1s.\",\"inLanguage\":\"es\",\"potentialAction\":[{\"@type\":\"ReadAction\",\"target\":[\"https:\/\/www.amortiguadoresdeauto.com\/index.php\/amortiguadores-grob\/\"]}]}]}<\/script>\n<!-- \/ Yoast SEO plugin. -->","_links":{"self":[{"href":"https:\/\/www.amortiguadoresdeauto.com\/index.php\/wp-json\/wp\/v2\/pages\/915"}],"collection":[{"href":"https:\/\/www.amortiguadoresdeauto.com\/index.php\/wp-json\/wp\/v2\/pages"}],"about":[{"href":"https:\/\/www.amortiguadoresdeauto.com\/index.php\/wp-json\/wp\/v2\/types\/page"}],"author":[{"embeddable":true,"href":"https:\/\/www.amortiguadoresdeauto.com\/index.php\/wp-json\/wp\/v2\/users\/1"}],"replies":[{"embeddable":true,"href":"https:\/\/www.amortiguadoresdeauto.com\/index.php\/wp-json\/wp\/v2\/comments?post=915"}],"version-history":[{"count":12,"href":"https:\/\/www.amortiguadoresdeauto.com\/index.php\/wp-json\/wp\/v2\/pages\/915\/revisions"}],"predecessor-version":[{"id":1099,"href":"https:\/\/www.amortiguadoresdeauto.com\/index.php\/wp-json\/wp\/v2\/pages\/915\/revisions\/1099"}],"wp:featuredmedia":[{"embeddable":true,"href":"https:\/\/www.amortiguadoresdeauto.com\/index.php\/wp-json\/wp\/v2\/media\/928"}],"wp:attachment":[{"href":"https:\/\/www.amortiguadoresdeauto.com\/index.php\/wp-json\/wp\/v2\/media?parent=915"}],"curies":[{"name":"wp","href":"https:\/\/api.w.org\/{rel}","templated":true}]}}