{"id":98,"date":"2020-11-04T13:47:52","date_gmt":"2020-11-04T13:47:52","guid":{"rendered":"https:\/\/www.amortiguadoresdeauto.com\/?page_id=98"},"modified":"2020-11-08T22:55:36","modified_gmt":"2020-11-08T22:55:36","slug":"amortiguadores-corven","status":"publish","type":"page","link":"https:\/\/www.amortiguadoresdeauto.com\/index.php\/amortiguadores-corven\/","title":{"rendered":"Amortiguadores Corven"},"content":{"rendered":"\n<p>Corven es una empresa Argentina que tiene mas de 50 a\u00f1os de trayectoria y exporta a m\u00e1s de 35 pa\u00edses. Actualmente es una de las compa\u00f1\u00edas l\u00edderes de amortiguadores en Am\u00e9rica Latina y sus productos han sido reconocidos como unos de gran calidad. Por tal raz\u00f3n los amortiguadores Corven siempre ser\u00e1n una buena opci\u00f3n.<\/p>\n\n\n\n<p><strong>Entre su l\u00ednea de amortiguadores los mas destacados son:<\/strong><\/p>\n\n\n\n<h2 class=\"wp-block-heading\"><strong>Amortiguadores Corven Plus<\/strong><\/h2>\n\n\n\n<p>Estos son fabricados para una amplia gama de veh\u00edculos de pasajeros y camionetas. Su dise\u00f1o es seg\u00fan las especificaciones del equipo original del auto. <\/p>\n\n\n\n<p>El Corven Plus logra una estabilidad de marcha controlada, con mayor adherencia del neum\u00e1tico al suelo. Tambi\u00e9n cuenta con componentes de gran resistencia al desgaste, total eficiencia en el sellado y un comportamiento de v\u00e1lvulas optimizado para garantizar un mejor desempe\u00f1o.<\/p>\n\n\n\n<h2 class=\"wp-block-heading\"><strong>Amortiguadores Corven High Tech<\/strong><\/h2>\n\n\n\n<p>Estos modelos son orientados a un manejo confortable en ciudad y por otro lado un manejo deportivo. Es seguro en condiciones de alta velocidad.<\/p>\n\n\n\n<p>La tecnolog\u00eda Hi-Tech hace que el amortiguador se comporte de una manera m\u00e1s progresiva a bajas velocidades. Esto brinda m\u00e1s comodidad y un manejo m\u00e1s agradable, suavizando el desempe\u00f1o ante las peque\u00f1as perturbaciones que pueden producir las imperfecciones en el camino.<\/p>\n\n\n\n<p>En altas velocidades aporta un mayor control y seguridad en el manejo, consiguiendo mayor estabilidad.<\/p>\n\n\n\n<h2 class=\"wp-block-heading\"><strong>Corven Super Pickup<\/strong><\/h2>\n\n\n\n<p>Este modelo de amortiguador esta dise\u00f1ando para los veh\u00edculos 4&#215;4 y pickup. Por su trabajo bajo las m\u00e1s rigurosas exigencias y las condiciones m\u00e1s extremas tales como movimientos de cargas y caminos irregulares, Corven desarrollo la l\u00ednea SP 700.<\/p>\n\n\n\n<p>El Super Pickup es un amortiguador resistente a golpes, con m\u00e1ximo soporte de carga y resistencia a las m\u00e1s altas temperaturas de trabajo del amortiguador.<\/p>\n\n\n\n<h2 class=\"wp-block-heading\"><strong>Amortiguadores Corven Sport<\/strong><\/h2>\n\n\n\n<p>Esta linea de amortiguadores tiene un dise\u00f1o exclusivo para uso deportivo. Cuenta con mayor adherencia y tenida en curva, ideal para conductores mas arriesgados pero siempre teniendo en cuenta la seguridad.<\/p>\n\n\n\n<p>El amortiguador Corven Sport esta dise\u00f1ado tambi\u00e9n para acompa\u00f1ar la modificaci\u00f3n de la altura del veh\u00edculo, ya que permite un contacto completo de los neum\u00e1ticos al suelo en todo momento, mejorando la maniobrabilidad y el control.<\/p>\n\n\n\n<p>Estos son los modelos de amortiguadores Corven que puedes tener en cuenta a la hora de comprar amortiguadores. Para conocer acerca de todas las marcas y tipos de amortiguadores sigue navegando en nuestra pagina donde encontraras toda la informaci\u00f3n necesaria.<\/p>\n","protected":false},"excerpt":{"rendered":"<p>Corven es una empresa Argentina que tiene mas de 50 a&ntilde;os de trayectoria y exporta a m&aacute;s de 35 pa&iacute;ses. Actualmente es una de las compa&ntilde;&iacute;as l&iacute;deres de amortiguadores en Am&eacute;rica Latina y sus productos han sido reconocidos como unos de gran calidad. Por tal raz&oacute;n los amortiguadores Corven siempre ser&aacute;n una buena opci&oacute;n. Entre &#8230; <a title=\"Amortiguadores Corven\" class=\"read-more\" href=\"https:\/\/www.amortiguadoresdeauto.com\/index.php\/amortiguadores-corven\/\">Leer m\u00e1s<\/a><\/p>\n","protected":false},"author":1,"featured_media":99,"parent":0,"menu_order":0,"comment_status":"closed","ping_status":"closed","template":"","meta":{"footnotes":""},"uagb_featured_image_src":{"full":["https:\/\/www.amortiguadoresdeauto.com\/wp-content\/uploads\/2020\/11\/ISS_13641_01908.jpg",1193,545,false],"thumbnail":["https:\/\/www.amortiguadoresdeauto.com\/wp-content\/uploads\/2020\/11\/ISS_13641_01908-150x150.jpg",150,150,true],"medium":["https:\/\/www.amortiguadoresdeauto.com\/wp-content\/uploads\/2020\/11\/ISS_13641_01908-300x137.jpg",300,137,true],"medium_large":["https:\/\/www.amortiguadoresdeauto.com\/wp-content\/uploads\/2020\/11\/ISS_13641_01908-768x351.jpg",768,351,true],"large":["https:\/\/www.amortiguadoresdeauto.com\/wp-content\/uploads\/2020\/11\/ISS_13641_01908-1024x468.jpg",1024,468,true],"1536x1536":["https:\/\/www.amortiguadoresdeauto.com\/wp-content\/uploads\/2020\/11\/ISS_13641_01908.jpg",1193,545,false],"2048x2048":["https:\/\/www.amortiguadoresdeauto.com\/wp-content\/uploads\/2020\/11\/ISS_13641_01908.jpg",1193,545,false]},"uagb_author_info":{"display_name":"admin","author_link":"https:\/\/www.amortiguadoresdeauto.com\/index.php\/author\/admin\/"},"uagb_comment_info":0,"uagb_excerpt":"Corven es una empresa Argentina que tiene mas de 50 a&ntilde;os de trayectoria y exporta a m&aacute;s de 35 pa&iacute;ses. Actualmente es una de las compa&ntilde;&iacute;as l&iacute;deres de amortiguadores en Am&eacute;rica Latina y sus productos han sido reconocidos como unos de gran calidad. Por tal raz&oacute;n los amortiguadores Corven siempre ser&aacute;n una buena opci&oacute;n. Entre&hellip;","yoast_head":"<!-- This site is optimized with the Yoast SEO plugin v14.7 - https:\/\/yoast.com\/wordpress\/plugins\/seo\/ -->\n<title>Amortiguadores Corven - Amortiguadores<\/title>\n<meta name=\"description\" content=\"Te presentamos los modelos de amortiguadores corven y te brindamos toda la informaci\u00f3n que debes saber acerca de estos.\" \/>\n<meta name=\"robots\" content=\"index, follow\" \/>\n<meta name=\"googlebot\" content=\"index, follow, max-snippet:-1, max-image-preview:large, max-video-preview:-1\" \/>\n<meta name=\"bingbot\" content=\"index, follow, max-snippet:-1, max-image-preview:large, max-video-preview:-1\" \/>\n<link rel=\"canonical\" href=\"https:\/\/www.amortiguadoresdeauto.com\/index.php\/amortiguadores-corven\/\" \/>\n<meta property=\"og:locale\" content=\"es_ES\" \/>\n<meta property=\"og:type\" content=\"article\" \/>\n<meta property=\"og:title\" content=\"Amortiguadores Corven - Amortiguadores\" \/>\n<meta property=\"og:description\" content=\"Te presentamos los modelos de amortiguadores corven y te brindamos toda la informaci\u00f3n que debes saber acerca de estos.\" \/>\n<meta property=\"og:url\" content=\"https:\/\/www.amortiguadoresdeauto.com\/index.php\/amortiguadores-corven\/\" \/>\n<meta property=\"og:site_name\" content=\"Amortiguadores\" \/>\n<meta property=\"article:modified_time\" content=\"2020-11-08T22:55:36+00:00\" \/>\n<meta property=\"og:image\" content=\"https:\/\/www.amortiguadoresdeauto.com\/wp-content\/uploads\/2020\/11\/ISS_13641_01908.jpg\" \/>\n\t<meta property=\"og:image:width\" content=\"1193\" \/>\n\t<meta property=\"og:image:height\" content=\"545\" \/>\n<meta name=\"twitter:card\" content=\"summary_large_image\" \/>\n<script type=\"application\/ld+json\" class=\"yoast-schema-graph\">{\"@context\":\"https:\/\/schema.org\",\"@graph\":[{\"@type\":\"WebSite\",\"@id\":\"https:\/\/www.amortiguadoresdeauto.com\/#website\",\"url\":\"https:\/\/www.amortiguadoresdeauto.com\/\",\"name\":\"Amortiguadores\",\"description\":\"De Auto\",\"potentialAction\":[{\"@type\":\"SearchAction\",\"target\":\"https:\/\/www.amortiguadoresdeauto.com\/?s={search_term_string}\",\"query-input\":\"required name=search_term_string\"}],\"inLanguage\":\"es\"},{\"@type\":\"ImageObject\",\"@id\":\"https:\/\/www.amortiguadoresdeauto.com\/index.php\/amortiguadores-corven\/#primaryimage\",\"inLanguage\":\"es\",\"url\":\"https:\/\/www.amortiguadoresdeauto.com\/wp-content\/uploads\/2020\/11\/ISS_13641_01908.jpg\",\"width\":1193,\"height\":545,\"caption\":\"amortiguadores corven\"},{\"@type\":\"WebPage\",\"@id\":\"https:\/\/www.amortiguadoresdeauto.com\/index.php\/amortiguadores-corven\/#webpage\",\"url\":\"https:\/\/www.amortiguadoresdeauto.com\/index.php\/amortiguadores-corven\/\",\"name\":\"Amortiguadores Corven - Amortiguadores\",\"isPartOf\":{\"@id\":\"https:\/\/www.amortiguadoresdeauto.com\/#website\"},\"primaryImageOfPage\":{\"@id\":\"https:\/\/www.amortiguadoresdeauto.com\/index.php\/amortiguadores-corven\/#primaryimage\"},\"datePublished\":\"2020-11-04T13:47:52+00:00\",\"dateModified\":\"2020-11-08T22:55:36+00:00\",\"description\":\"Te presentamos los modelos de amortiguadores corven y te brindamos toda la informaci\\u00f3n que debes saber acerca de estos.\",\"inLanguage\":\"es\",\"potentialAction\":[{\"@type\":\"ReadAction\",\"target\":[\"https:\/\/www.amortiguadoresdeauto.com\/index.php\/amortiguadores-corven\/\"]}]}]}<\/script>\n<!-- \/ Yoast SEO plugin. -->","_links":{"self":[{"href":"https:\/\/www.amortiguadoresdeauto.com\/index.php\/wp-json\/wp\/v2\/pages\/98"}],"collection":[{"href":"https:\/\/www.amortiguadoresdeauto.com\/index.php\/wp-json\/wp\/v2\/pages"}],"about":[{"href":"https:\/\/www.amortiguadoresdeauto.com\/index.php\/wp-json\/wp\/v2\/types\/page"}],"author":[{"embeddable":true,"href":"https:\/\/www.amortiguadoresdeauto.com\/index.php\/wp-json\/wp\/v2\/users\/1"}],"replies":[{"embeddable":true,"href":"https:\/\/www.amortiguadoresdeauto.com\/index.php\/wp-json\/wp\/v2\/comments?post=98"}],"version-history":[{"count":1,"href":"https:\/\/www.amortiguadoresdeauto.com\/index.php\/wp-json\/wp\/v2\/pages\/98\/revisions"}],"predecessor-version":[{"id":100,"href":"https:\/\/www.amortiguadoresdeauto.com\/index.php\/wp-json\/wp\/v2\/pages\/98\/revisions\/100"}],"wp:featuredmedia":[{"embeddable":true,"href":"https:\/\/www.amortiguadoresdeauto.com\/index.php\/wp-json\/wp\/v2\/media\/99"}],"wp:attachment":[{"href":"https:\/\/www.amortiguadoresdeauto.com\/index.php\/wp-json\/wp\/v2\/media?parent=98"}],"curies":[{"name":"wp","href":"https:\/\/api.w.org\/{rel}","templated":true}]}}